{"id":12,"date":"2021-07-28T10:54:54","date_gmt":"2021-07-28T13:54:54","guid":{"rendered":"https:\/\/brants.com.br\/novo\/?page_id=12"},"modified":"2021-09-29T14:50:54","modified_gmt":"2021-09-29T17:50:54","slug":"contato","status":"publish","type":"page","link":"https:\/\/brants.com.br\/novo\/contato\/","title":{"rendered":"Contato"},"content":{"rendered":"<p>[vc_row equal_height=&#8221;yes&#8221; content_placement=&#8221;middle&#8221; no_padding=&#8221;yes&#8221; el_class=&#8221;background-color-dark&#8221;][vc_column offset=&#8221;vc_col-md-5&#8243; el_class=&#8221;p-5 px-lg-3 px-xl-5&#8243;][vc_row_inner el_class=&#8221;justify-content-center mt-5 pt-1&#8243;][vc_column_inner width=&#8221;3\/4&#8243;]<div class=\"porto-animation \" data-appear-animation=\"fadeInUp\" data-appear-animation-delay=\"600\"><div class=\"porto-sicon-box mb-4 pb-1  wpb_custom_1efe903570d178ff0a9b7bfa5febd3a4 style_1 left-icon\"><div class=\"porto-sicon-left\"><div id=\"porto-icon-86330833669e35886c74c8\" class=\"porto-just-icon-wrapper porto-sicon-img\" style=\"font-size: 80px;\"><img loading=\"lazy\" decoding=\"async\" class=\"img-icon\" alt=\"\" src=\"https:\/\/brants.com.br\/novo\/wp-content\/uploads\/2020\/06\/it-icon1.png\" width=\"200\" height=\"200\" \/><\/div><\/div><div class=\"porto-sicon-body\"><div class=\"porto-sicon-header\"><h4 class=\"porto-sicon-title\" style=\"font-weight:700;font-size:1.8em;line-height:1.1;color:#ffffff;\">Sede da empresa<\/h4><\/div> <!-- header --><div class=\"porto-sicon-description\" style=\"font-size:1.1em;color:rgba(255,255,255,0.5);\">\u00c1lvaro Muller, 699 Vila Itapura &#8211; 13023-181<br \/>\nCampinas-SP<\/div> <!-- description --><\/div><\/div><!-- porto-sicon-box --><\/div><div class=\"porto-animation \" data-appear-animation=\"fadeInUp\" data-appear-animation-delay=\"800\">[vc_separator color=&#8221;custom&#8221; style=&#8221;solid&#8221; accent_color=&#8221;rgba(255,255,255,0.2)&#8221; el_class=&#8221;py-4 mb-2&#8243;]<\/div>[\/vc_column_inner][\/vc_row_inner]<div class=\"porto-animation  text-center\"><div class=\"porto-u-heading d-inline-block px-3 px-xl-4  wpb_custom_95aa9a11c17ad45cfabaf210d84ee7cc\" data-hspacer=\"no_spacer\" data-halign=\"center\" style=\"text-align:center\" data-appear-animation=\"fadeInLeft\" data-appear-animation-delay=\"1200\"><div class=\"porto-u-main-heading\"><h6   style=\"font-weight:600;color:#777777;margin-bottom: 4px;font-size:.875rem;line-height:1.4;\">VENDAS<\/h6><\/div><div class=\"porto-u-sub-heading\" style=\"font-weight:700;color: #ffffff;font-size:1.8em;line-height:1;\"><a href=\"tel:1940404971\">(19) 4040-4971<\/a><\/div><\/div><\/div>[vc_row_inner el_class=&#8221;justify-content-center&#8221;][vc_column_inner width=&#8221;3\/4&#8243;]<div class=\"porto-animation \" data-appear-animation=\"fadeInUp\" data-appear-animation-delay=\"1400\">[vc_separator color=&#8221;custom&#8221; style=&#8221;solid&#8221; accent_color=&#8221;rgba(255,255,255,0.2)&#8221; el_class=&#8221;py-4 mb-0&#8243;]<\/div><div class=\"porto-u-heading mb-5 pb-2  wpb_custom_95aa9a11c17ad45cfabaf210d84ee7cc\" data-hspacer=\"no_spacer\" data-halign=\"center\" style=\"text-align:center\" data-appear-animation=\"fadeInUp\" data-appear-animation-delay=\"1600\"><div class=\"porto-u-main-heading\"><h6   style=\"font-weight:600;color:#777777;margin-bottom: 4px;font-size:.875rem;line-height:1.4;\">ENVIE UM E-MAIL<\/h6><\/div><div class=\"porto-u-sub-heading\" style=\"font-weight:700;color: #ffffff;font-size:1.5em;line-height:1;\"><a href=\"mailto:vendas@brants.com.br\">vendas@brants.com.br<\/a><\/div><\/div>[\/vc_column_inner][\/vc_row_inner][\/vc_column][vc_column offset=&#8221;vc_col-md-7&#8243;][vc_column_text]<iframe loading=\"lazy\" style=\"border: 0;\" src=\"https:\/\/www.google.com\/maps\/embed?pb=!1m18!1m12!1m3!1d3675.5575438259743!2d-47.06317068503456!3d-22.892797485019013!2m3!1f0!2f0!3f0!3m2!1i1024!2i768!4f13.1!3m3!1m2!1s0x94c8c8aa5415f183%3A0x6937fe69d3e477c9!2sR.%20%C3%81lvaro%20M%C3%BCler%2C%20699%20-%20Vila%20Itapura%2C%20Campinas%20-%20SP%2C%2013023-181!5e0!3m2!1spt-BR!2sbr!4v1632937773148!5m2!1spt-BR!2sbr\" width=\"600\" height=\"450\" allowfullscreen=\"allowfullscreen\"><\/iframe>[\/vc_column_text][\/vc_column][\/vc_row][vc_row wrap_container=&#8221;yes&#8221; el_class=&#8221;my-1 py-5 bg-top-right&#8221; css=&#8221;.vc_custom_1593075657165{background-image: url(\/\/sw-themes.com\/porto_dummy\/wp-content\/uploads\/2020\/06\/dots-background-4.png?id=354) !important;background-position: 0 0 !important;background-repeat: no-repeat !important;}&#8221;][vc_column el_class=&#8221;mt-3&#8243;]<div class=\"porto-animation  overflow-hidden mb-2\">[vc_custom_heading text=&#8221;ENTRAR EM CONTATO&#8221; font_container=&#8221;tag:p|text_align:center|color:%23acb4be&#8221; use_theme_fonts=&#8221;yes&#8221; font_weight=&#8221;700&#8243; animation_delay=&#8221;300&#8243; el_class=&#8221;mb-0&#8243; animation_type=&#8221;maskUp&#8221;]<\/div><div class=\"porto-animation  overflow-hidden mb-4\">[vc_custom_heading text=&#8221;Como podemos ajudar?&#8221; font_container=&#8221;tag:h2|font_size:2.3em|text_align:center|line_height:1.2&#8243; use_theme_fonts=&#8221;yes&#8221; animation_delay=&#8221;500&#8243; el_class=&#8221;mb-0&#8243; animation_type=&#8221;maskUp&#8221;]<\/div>[vc_custom_heading text=&#8221;Entre em contato para solicitar um or\u00e7amento ou agendar uma consulta com nossa equipe.&#8221; font_container=&#8221;tag:p|font_size:1.1em|text_align:center&#8221; use_theme_fonts=&#8221;yes&#8221; animation_delay=&#8221;700&#8243; el_class=&#8221;mb-5&#8243; animation_type=&#8221;fadeInUp&#8221;]<div class=\"porto-animation  mb-4\" data-appear-animation=\"fadeInUp\" data-appear-animation-delay=\"900\"><div role=\"form\" class=\"wpcf7\" id=\"wpcf7-f429-o1\" lang=\"en-US\" dir=\"ltr\">\n<div class=\"screen-reader-response\"><p role=\"status\" aria-live=\"polite\" aria-atomic=\"true\"><\/p> <ul><\/ul><\/div>\n<form action=\"\/novo\/wp-json\/wp\/v2\/pages\/12#wpcf7-f429-o1\" method=\"post\" class=\"wpcf7-form init\" novalidate=\"novalidate\" data-status=\"init\">\n<div style=\"display: none;\">\n<input type=\"hidden\" name=\"_wpcf7\" value=\"429\" \/>\n<input type=\"hidden\" name=\"_wpcf7_version\" value=\"5.4.2\" \/>\n<input type=\"hidden\" name=\"_wpcf7_locale\" value=\"en_US\" \/>\n<input type=\"hidden\" name=\"_wpcf7_unit_tag\" value=\"wpcf7-f429-o1\" \/>\n<input type=\"hidden\" name=\"_wpcf7_container_post\" value=\"0\" \/>\n<input type=\"hidden\" name=\"_wpcf7_posted_data_hash\" value=\"\" \/>\n<\/div>\n<div class=\"row m-r-n-sm m-l-n-sm\">\n<div class=\"form-group col-lg-6 p-l-sm p-r-sm\">\n\t\t<span class=\"wpcf7-form-control-wrap your-name\"><input type=\"text\" name=\"your-name\" value=\"\" size=\"40\" class=\"wpcf7-form-control wpcf7-text wpcf7-validates-as-required form-control\" aria-required=\"true\" aria-invalid=\"false\" placeholder=\"Nome\" \/><\/span>\n\t<\/div>\n<div class=\"form-group col-lg-6 p-l-sm p-r-sm\">\n\t\t<span class=\"wpcf7-form-control-wrap your-phone\"><input type=\"text\" name=\"your-phone\" value=\"\" size=\"40\" class=\"wpcf7-form-control wpcf7-text wpcf7-validates-as-required form-control\" aria-required=\"true\" aria-invalid=\"false\" placeholder=\"Telefone\" \/><\/span>\n\t<\/div>\n<\/div>\n<div class=\"row m-r-n-sm m-l-n-sm\">\n<div class=\"form-group col-lg-6 p-l-sm p-r-sm\">\n\t\t<span class=\"wpcf7-form-control-wrap your-email\"><input type=\"email\" name=\"your-email\" value=\"\" size=\"40\" class=\"wpcf7-form-control wpcf7-text wpcf7-email wpcf7-validates-as-required wpcf7-validates-as-email form-control\" aria-required=\"true\" aria-invalid=\"false\" placeholder=\"E-mail\" \/><\/span>\n\t<\/div>\n<div class=\"form-group col-lg-6 p-l-sm p-r-sm\">\n\t\t<span class=\"wpcf7-form-control-wrap your-subject\"><input type=\"text\" name=\"your-subject\" value=\"\" size=\"40\" class=\"wpcf7-form-control wpcf7-text form-control\" aria-invalid=\"false\" placeholder=\"Assunto\" \/><\/span>\n\t<\/div>\n<\/div>\n<div class=\"form-group\">\n\t<span class=\"wpcf7-form-control-wrap your-message\"><textarea name=\"your-message\" cols=\"40\" rows=\"12\" class=\"wpcf7-form-control wpcf7-textarea form-control\" aria-invalid=\"false\" placeholder=\"Mensagem\"><\/textarea><\/span>\n<\/div>\n<div class=\"form-group\">\n\t<div id=\"cf7sr-69e35886c9853\" class=\"cf7sr-g-recaptcha\" data-sitekey=\"6LdkBVocAAAAAFI5X4sRiH-B7OD8F-PPohGxfdXP\"><\/div><span class=\"wpcf7-form-control-wrap cf7sr-recaptcha\"><input type=\"hidden\" name=\"cf7sr-recaptcha\" value=\"\" class=\"wpcf7-form-control\"><\/span>\n<\/div>\n<div class=\"form-group\">\n\t<input type=\"submit\" value=\"Enviar Mensagem\" class=\"wpcf7-form-control wpcf7-submit btn btn-borders btn-lg btn-secondary\" \/>\n<\/div>\n<div class=\"wpcf7-response-output\" aria-hidden=\"true\"><\/div><\/form><\/div><\/div>[\/vc_column][\/vc_row]<\/p>\n","protected":false},"excerpt":{"rendered":"<p>[vc_row equal_height=&#8221;yes&#8221; content_placement=&#8221;middle&#8221; no_padding=&#8221;yes&#8221; el_class=&#8221;background-color-dark&#8221;][vc_column offset=&#8221;vc_col-md-5&#8243; el_class=&#8221;p-5 px-lg-3 px-xl-5&#8243;][vc_row_inner el_class=&#8221;justify-content-center mt-5 pt-1&#8243;][vc_column_inner width=&#8221;3\/4&#8243;][\/vc_column_inner][\/vc_row_inner][vc_row_inner el_class=&#8221;justify-content-center&#8221;][vc_column_inner width=&#8221;3\/4&#8243;][\/vc_column_inner][\/vc_row_inner][\/vc_column][vc_column offset=&#8221;vc_col-md-7&#8243;][vc_column_text][\/vc_column_text][\/vc_column][\/vc_row][vc_row wrap_container=&#8221;yes&#8221; el_class=&#8221;my-1 py-5 bg-top-right&#8221; css=&#8221;.vc_custom_1593075657165{background-image: url(\/\/sw-themes.com\/porto_dummy\/wp-content\/uploads\/2020\/06\/dots-background-4.png?id=354) !important;background-position: 0 0 !important;background-repeat: no-repeat !important;}&#8221;][vc_column el_class=&#8221;mt-3&#8243;][vc_custom_heading text=&#8221;Entre em contato para solicitar um or\u00e7amento ou agendar uma consulta com nossa equipe.&#8221; font_container=&#8221;tag:p|font_size:1.1em|text_align:center&#8221; use_theme_fonts=&#8221;yes&#8221; animation_delay=&#8221;700&#8243; el_class=&#8221;mb-5&#8243; animation_type=&#8221;fadeInUp&#8221;][\/vc_column][\/vc_row]<\/p>\n","protected":false},"author":1,"featured_media":0,"parent":0,"menu_order":0,"comment_status":"closed","ping_status":"closed","template":"","meta":{"footnotes":""},"class_list":["post-12","page","type-page","status-publish","hentry"],"yoast_head":"<!-- This site is optimized with the Yoast SEO Premium plugin v16.8 (Yoast SEO v16.8) - https:\/\/yoast.com\/wordpress\/plugins\/seo\/ -->\n<title>Contato - Brants Solu\u00e7\u00f5es<\/title>\n<meta name=\"robots\" content=\"index, follow, max-snippet:-1, max-image-preview:large, max-video-preview:-1\" \/>\n<link rel=\"canonical\" href=\"https:\/\/brants.com.br\/novo\/contato\/\" \/>\n<meta property=\"og:locale\" content=\"pt_BR\" \/>\n<meta property=\"og:type\" content=\"article\" \/>\n<meta property=\"og:title\" content=\"Contato\" \/>\n<meta property=\"og:description\" content=\"[vc_row equal_height=&#8221;yes&#8221; content_placement=&#8221;middle&#8221; no_padding=&#8221;yes&#8221; el_class=&#8221;background-color-dark&#8221;][vc_column offset=&#8221;vc_col-md-5&#8243; el_class=&#8221;p-5 px-lg-3 px-xl-5&#8243;][vc_row_inner el_class=&#8221;justify-content-center mt-5 pt-1&#8243;][vc_column_inner width=&#8221;3\/4&#8243;][\/vc_column_inner][\/vc_row_inner][vc_row_inner el_class=&#8221;justify-content-center&#8221;][vc_column_inner width=&#8221;3\/4&#8243;][\/vc_column_inner][\/vc_row_inner][\/vc_column][vc_column offset=&#8221;vc_col-md-7&#8243;][vc_column_text][\/vc_column_text][\/vc_column][\/vc_row][vc_row wrap_container=&#8221;yes&#8221; el_class=&#8221;my-1 py-5 bg-top-right&#8221; css=&#8221;.vc_custom_1593075657165{background-image: url(\/\/sw-themes.com\/porto_dummy\/wp-content\/uploads\/2020\/06\/dots-background-4.png?id=354) !important;background-position: 0 0 !important;background-repeat: no-repeat !important;}&#8221;][vc_column el_class=&#8221;mt-3&#8243;][vc_custom_heading text=&#8221;Entre em contato para solicitar um or\u00e7amento ou agendar uma consulta com nossa equipe.&#8221; font_container=&#8221;tag:p|font_size:1.1em|text_align:center&#8221; use_theme_fonts=&#8221;yes&#8221; animation_delay=&#8221;700&#8243; el_class=&#8221;mb-5&#8243; animation_type=&#8221;fadeInUp&#8221;][\/vc_column][\/vc_row]\" \/>\n<meta property=\"og:url\" content=\"https:\/\/brants.com.br\/novo\/contato\/\" \/>\n<meta property=\"og:site_name\" content=\"Brants Solu\u00e7\u00f5es\" \/>\n<meta property=\"article:modified_time\" content=\"2021-09-29T17:50:54+00:00\" \/>\n<meta name=\"twitter:card\" content=\"summary_large_image\" \/>\n<meta name=\"twitter:label1\" content=\"Est. tempo de leitura\" \/>\n\t<meta name=\"twitter:data1\" content=\"1 minuto\" \/>\n<script type=\"application\/ld+json\" class=\"yoast-schema-graph\">{\"@context\":\"https:\/\/schema.org\",\"@graph\":[{\"@type\":\"Organization\",\"@id\":\"https:\/\/brants.com.br\/novo\/#organization\",\"name\":\"Brant's Solu\\u00e7\\u00f5es\",\"url\":\"https:\/\/brants.com.br\/novo\/\",\"sameAs\":[],\"logo\":{\"@type\":\"ImageObject\",\"@id\":\"https:\/\/brants.com.br\/novo\/#logo\",\"inLanguage\":\"pt-BR\",\"url\":\"https:\/\/brants.com.br\/novo\/wp-content\/uploads\/2021\/07\/logo.png\",\"contentUrl\":\"https:\/\/brants.com.br\/novo\/wp-content\/uploads\/2021\/07\/logo.png\",\"width\":220,\"height\":46,\"caption\":\"Brant's Solu\\u00e7\\u00f5es\"},\"image\":{\"@id\":\"https:\/\/brants.com.br\/novo\/#logo\"}},{\"@type\":\"WebSite\",\"@id\":\"https:\/\/brants.com.br\/novo\/#website\",\"url\":\"https:\/\/brants.com.br\/novo\/\",\"name\":\"Brants Solu\\u00e7\\u00f5es\",\"description\":\"T.I e Seguran\\u00e7a Eletr\\u00f4nica\",\"publisher\":{\"@id\":\"https:\/\/brants.com.br\/novo\/#organization\"},\"potentialAction\":[{\"@type\":\"SearchAction\",\"target\":{\"@type\":\"EntryPoint\",\"urlTemplate\":\"https:\/\/brants.com.br\/novo\/?s={search_term_string}\"},\"query-input\":\"required name=search_term_string\"}],\"inLanguage\":\"pt-BR\"},{\"@type\":\"WebPage\",\"@id\":\"https:\/\/brants.com.br\/novo\/contato\/#webpage\",\"url\":\"https:\/\/brants.com.br\/novo\/contato\/\",\"name\":\"Contato - Brants Solu\\u00e7\\u00f5es\",\"isPartOf\":{\"@id\":\"https:\/\/brants.com.br\/novo\/#website\"},\"datePublished\":\"2021-07-28T13:54:54+00:00\",\"dateModified\":\"2021-09-29T17:50:54+00:00\",\"breadcrumb\":{\"@id\":\"https:\/\/brants.com.br\/novo\/contato\/#breadcrumb\"},\"inLanguage\":\"pt-BR\",\"potentialAction\":[{\"@type\":\"ReadAction\",\"target\":[\"https:\/\/brants.com.br\/novo\/contato\/\"]}]},{\"@type\":\"BreadcrumbList\",\"@id\":\"https:\/\/brants.com.br\/novo\/contato\/#breadcrumb\",\"itemListElement\":[{\"@type\":\"ListItem\",\"position\":1,\"name\":\"Home\",\"item\":\"https:\/\/brants.com.br\/novo\/\"},{\"@type\":\"ListItem\",\"position\":2,\"name\":\"Contato\"}]}]}<\/script>\n<!-- \/ Yoast SEO Premium plugin. -->","yoast_head_json":{"title":"Contato - Brants Solu\u00e7\u00f5es","robots":{"index":"index","follow":"follow","max-snippet":"max-snippet:-1","max-image-preview":"max-image-preview:large","max-video-preview":"max-video-preview:-1"},"canonical":"https:\/\/brants.com.br\/novo\/contato\/","og_locale":"pt_BR","og_type":"article","og_title":"Contato","og_description":"[vc_row equal_height=&#8221;yes&#8221; content_placement=&#8221;middle&#8221; no_padding=&#8221;yes&#8221; el_class=&#8221;background-color-dark&#8221;][vc_column offset=&#8221;vc_col-md-5&#8243; el_class=&#8221;p-5 px-lg-3 px-xl-5&#8243;][vc_row_inner el_class=&#8221;justify-content-center mt-5 pt-1&#8243;][vc_column_inner width=&#8221;3\/4&#8243;][\/vc_column_inner][\/vc_row_inner][vc_row_inner el_class=&#8221;justify-content-center&#8221;][vc_column_inner width=&#8221;3\/4&#8243;][\/vc_column_inner][\/vc_row_inner][\/vc_column][vc_column offset=&#8221;vc_col-md-7&#8243;][vc_column_text][\/vc_column_text][\/vc_column][\/vc_row][vc_row wrap_container=&#8221;yes&#8221; el_class=&#8221;my-1 py-5 bg-top-right&#8221; css=&#8221;.vc_custom_1593075657165{background-image: url(\/\/sw-themes.com\/porto_dummy\/wp-content\/uploads\/2020\/06\/dots-background-4.png?id=354) !important;background-position: 0 0 !important;background-repeat: no-repeat !important;}&#8221;][vc_column el_class=&#8221;mt-3&#8243;][vc_custom_heading text=&#8221;Entre em contato para solicitar um or\u00e7amento ou agendar uma consulta com nossa equipe.&#8221; font_container=&#8221;tag:p|font_size:1.1em|text_align:center&#8221; use_theme_fonts=&#8221;yes&#8221; animation_delay=&#8221;700&#8243; el_class=&#8221;mb-5&#8243; animation_type=&#8221;fadeInUp&#8221;][\/vc_column][\/vc_row]","og_url":"https:\/\/brants.com.br\/novo\/contato\/","og_site_name":"Brants Solu\u00e7\u00f5es","article_modified_time":"2021-09-29T17:50:54+00:00","twitter_card":"summary_large_image","twitter_misc":{"Est. tempo de leitura":"1 minuto"},"schema":{"@context":"https:\/\/schema.org","@graph":[{"@type":"Organization","@id":"https:\/\/brants.com.br\/novo\/#organization","name":"Brant's Solu\u00e7\u00f5es","url":"https:\/\/brants.com.br\/novo\/","sameAs":[],"logo":{"@type":"ImageObject","@id":"https:\/\/brants.com.br\/novo\/#logo","inLanguage":"pt-BR","url":"https:\/\/brants.com.br\/novo\/wp-content\/uploads\/2021\/07\/logo.png","contentUrl":"https:\/\/brants.com.br\/novo\/wp-content\/uploads\/2021\/07\/logo.png","width":220,"height":46,"caption":"Brant's Solu\u00e7\u00f5es"},"image":{"@id":"https:\/\/brants.com.br\/novo\/#logo"}},{"@type":"WebSite","@id":"https:\/\/brants.com.br\/novo\/#website","url":"https:\/\/brants.com.br\/novo\/","name":"Brants Solu\u00e7\u00f5es","description":"T.I e Seguran\u00e7a Eletr\u00f4nica","publisher":{"@id":"https:\/\/brants.com.br\/novo\/#organization"},"potentialAction":[{"@type":"SearchAction","target":{"@type":"EntryPoint","urlTemplate":"https:\/\/brants.com.br\/novo\/?s={search_term_string}"},"query-input":"required name=search_term_string"}],"inLanguage":"pt-BR"},{"@type":"WebPage","@id":"https:\/\/brants.com.br\/novo\/contato\/#webpage","url":"https:\/\/brants.com.br\/novo\/contato\/","name":"Contato - Brants Solu\u00e7\u00f5es","isPartOf":{"@id":"https:\/\/brants.com.br\/novo\/#website"},"datePublished":"2021-07-28T13:54:54+00:00","dateModified":"2021-09-29T17:50:54+00:00","breadcrumb":{"@id":"https:\/\/brants.com.br\/novo\/contato\/#breadcrumb"},"inLanguage":"pt-BR","potentialAction":[{"@type":"ReadAction","target":["https:\/\/brants.com.br\/novo\/contato\/"]}]},{"@type":"BreadcrumbList","@id":"https:\/\/brants.com.br\/novo\/contato\/#breadcrumb","itemListElement":[{"@type":"ListItem","position":1,"name":"Home","item":"https:\/\/brants.com.br\/novo\/"},{"@type":"ListItem","position":2,"name":"Contato"}]}]}},"_links":{"self":[{"href":"https:\/\/brants.com.br\/novo\/wp-json\/wp\/v2\/pages\/12","targetHints":{"allow":["GET"]}}],"collection":[{"href":"https:\/\/brants.com.br\/novo\/wp-json\/wp\/v2\/pages"}],"about":[{"href":"https:\/\/brants.com.br\/novo\/wp-json\/wp\/v2\/types\/page"}],"author":[{"embeddable":true,"href":"https:\/\/brants.com.br\/novo\/wp-json\/wp\/v2\/users\/1"}],"replies":[{"embeddable":true,"href":"https:\/\/brants.com.br\/novo\/wp-json\/wp\/v2\/comments?post=12"}],"version-history":[{"count":8,"href":"https:\/\/brants.com.br\/novo\/wp-json\/wp\/v2\/pages\/12\/revisions"}],"predecessor-version":[{"id":668,"href":"https:\/\/brants.com.br\/novo\/wp-json\/wp\/v2\/pages\/12\/revisions\/668"}],"wp:attachment":[{"href":"https:\/\/brants.com.br\/novo\/wp-json\/wp\/v2\/media?parent=12"}],"curies":[{"name":"wp","href":"https:\/\/api.w.org\/{rel}","templated":true}]}}