{"id":19,"date":"2020-06-22T07:21:45","date_gmt":"2020-06-22T07:21:45","guid":{"rendered":"http:\/\/sw-themes.com\/porto_dummy\/it-services\/?page_id=19"},"modified":"2021-08-18T17:29:50","modified_gmt":"2021-08-18T20:29:50","slug":"sobre","status":"publish","type":"page","link":"https:\/\/brants.com.br\/novo\/sobre\/","title":{"rendered":"Sobre"},"content":{"rendered":"<p>[vc_row wrap_container=&#8221;yes&#8221; el_class=&#8221;custom-bg-pos&#8221; css=&#8221;.vc_custom_1592998614120{padding-top: 6rem !important;background-image: url(\/\/sw-themes.com\/porto_dummy\/wp-content\/uploads\/2020\/06\/it-dots-background-3.png?id=206) !important;background-position: 0 0 !important;background-repeat: no-repeat !important;}&#8221;][vc_column offset=&#8221;vc_col-lg-5 vc_col-md-7&#8243; el_class=&#8221;mb-5 mb-lg-0&#8243;][vc_custom_heading text=&#8221;Quem somos&#8221; font_container=&#8221;tag:p|text_align:left|color:%23acb4be&#8221; use_theme_fonts=&#8221;yes&#8221; text_transform=&#8221;text-uppercase&#8221; font_weight=&#8221;700&#8243; animation_delay=&#8221;700&#8243; el_class=&#8221;mb-1&#8243; animation_type=&#8221;fadeInUp&#8221;][vc_custom_heading text=&#8221;ENTENDEMOS QUE CADA EMPRESA \u00c9 \u00daNICA.&#8221; font_container=&#8221;tag:h2|font_size:2.3em|text_align:left|line_height:1.2&#8243; use_theme_fonts=&#8221;yes&#8221; letter_spacing=&#8221;-1px&#8221; animation_delay=&#8221;900&#8243; el_class=&#8221;pb-3 mb-4&#8243; animation_type=&#8221;fadeInUp&#8221;][vc_custom_heading text=&#8221;Contamos hoje com profissionais, fornecedores e um grupo de empresas qualificadas e capacitadas para oferecer equipamentos e servi\u00e7os de qualidade, fazendo com que nossos clientes empresariais consigam redu\u00e7\u00e3o de custo, mais efici\u00eancia atrav\u00e9s do aumento da produtividade e maior confiabilidade na realiza\u00e7\u00e3o dos seus processos e procedimentos internos.&#8221; font_container=&#8221;tag:p|font_size:1.1em|text_align:left|color:%23777777|line_height:1.4&#8243; use_theme_fonts=&#8221;yes&#8221; el_class=&#8221;pb-2 mb-4 alternative-font&#8221;][vc_custom_heading text=&#8221;Por isso, visamos diagnosticar o neg\u00f3cio de cada cliente, a fim de desenvolver uma solu\u00e7\u00e3o espec\u00edfica para permitir um excelente gerenciamento de cada neg\u00f3cio. Nosso diferencial consiste na credibilidade com excel\u00eancia em atendimento, tecnologia e pontualidade.&#8221; font_container=&#8221;tag:p|font_size:1.1em|text_align:left|color:%23777777|line_height:1.4&#8243; use_theme_fonts=&#8221;yes&#8221; el_class=&#8221;pb-2 mb-4 alternative-font&#8221;][\/vc_column][vc_column width=&#8221;5\/6&#8243; el_class=&#8221;mx-auto mr-xl-0&#8243; offset=&#8221;vc_col-md-5&#8243;][vc_single_image image=&#8221;209&#8243; img_size=&#8221;full&#8221; alignment=&#8221;center&#8221; animation_delay=&#8221;1500&#8243; animation_type=&#8221;fadeInLeft&#8221; el_class=&#8221;mb-0&#8243;][vc_empty_space][\/vc_column][vc_column][vc_row_inner][vc_column_inner width=&#8221;1\/2&#8243;][vc_custom_heading text=&#8221;NOSSA HIST\u00d3RIA&#8221; font_container=&#8221;tag:h3|font_size:1.8em|text_align:left|line_height:1&#8243; use_theme_fonts=&#8221;yes&#8221; text_transform=&#8221;text-uppercase&#8221; el_class=&#8221;mb-4 pb-1&#8243;][vc_custom_heading text=&#8221;Desde 2007 Atuamos na Regi\u00e3o de Campinas \u2013 SP, no provimento de solu\u00e7\u00f5es corporativas em tecnologia da informa\u00e7\u00e3o, inform\u00e1tica e seguran\u00e7a eletr\u00f4nica, atuando com a venda de Equipamentos, Suprimentos e infraestrutura.&#8221; font_container=&#8221;tag:p|font_size:1.1em|text_align:left|color:%23777777|line_height:1.4&#8243; use_theme_fonts=&#8221;yes&#8221; el_class=&#8221;pb-2 mb-4 alternative-font&#8221;][\/vc_column_inner][vc_column_inner width=&#8221;1\/2&#8243;][vc_custom_heading text=&#8221;NOSSA ESPECIALIDADE&#8221; font_container=&#8221;tag:h3|font_size:1.8em|text_align:left|line_height:1&#8243; use_theme_fonts=&#8221;yes&#8221; text_transform=&#8221;text-uppercase&#8221; el_class=&#8221;mb-4 pb-1&#8243;][vc_custom_heading text=&#8221;Nossa especialidade \u00e9 prestar consultoria e suporte t\u00e9cnico em tecnologia da informa\u00e7\u00e3o e seguran\u00e7a, nos mais diversos ramos de atividade e porte, otimizando a estrutura existente, aperfei\u00e7oando processos e provendo suporte r\u00e1pido e eficiente.&#8221; font_container=&#8221;tag:p|font_size:1.1em|text_align:left|color:%23777777|line_height:1.4&#8243; use_theme_fonts=&#8221;yes&#8221; el_class=&#8221;pb-2 mb-4 alternative-font&#8221;][\/vc_column_inner][\/vc_row_inner][\/vc_column][\/vc_row][vc_row wrap_container=&#8221;yes&#8221; el_class=&#8221;mt-4&#8243;][vc_column][vc_separator color=&#8221;custom&#8221; style=&#8221;solid&#8221; el_class=&#8221;my-5&#8243;]<div class=\"porto-animation  overflow-hidden mb-2 pt-4\">[vc_custom_heading text=&#8221;QUEM EST\u00c1 CONOSCO&#8221; font_container=&#8221;tag:p|text_align:center|color:%23acb4be|line_height:1&#8243; use_theme_fonts=&#8221;yes&#8221; text_transform=&#8221;text-uppercase&#8221; font_weight=&#8221;700&#8243; animation_delay=&#8221;200&#8243; el_class=&#8221;mt-3 mb-0&#8243; animation_type=&#8221;maskUp&#8221;]<\/div><div class=\"porto-animation  overflow-hidden mb-5\">[vc_custom_heading text=&#8221;Trabalhamos com as Melhores Marcas e Produtos&#8221; font_container=&#8221;tag:h2|font_size:2.3em|text_align:center|line_height:1.2&#8243; use_theme_fonts=&#8221;yes&#8221; letter_spacing=&#8221;-1px&#8221; animation_delay=&#8221;400&#8243; el_class=&#8221;mb-0&#8243; animation_type=&#8221;maskUp&#8221;]<\/div><div class=\"porto-carousel owl-carousel has-ccols ccols-xl-6 ccols-lg-5 ccols-md-4 ccols-sm-3 ccols-2 position-relative z-index-1 py-3 brand-slider mb-0\" data-appear-animation=\"fadeIn\" data-appear-animation-delay=\"400\" data-plugin-options=\"{&quot;stagePadding&quot;:0,&quot;margin&quot;:0,&quot;autoplay&quot;:false,&quot;autoplayTimeout&quot;:5000,&quot;autoplayHoverPause&quot;:false,&quot;items&quot;:6,&quot;lg&quot;:5,&quot;md&quot;:4,&quot;sm&quot;:3,&quot;xs&quot;:2,&quot;nav&quot;:false,&quot;dots&quot;:false,&quot;animateIn&quot;:&quot;&quot;,&quot;animateOut&quot;:&quot;&quot;,&quot;loop&quot;:false,&quot;center&quot;:false,&quot;video&quot;:false,&quot;lazyLoad&quot;:false,&quot;fullscreen&quot;:false}\">[vc_single_image image=&#8221;493&#8243; img_size=&#8221;full&#8221; alignment=&#8221;center&#8221; el_class=&#8221;mb-0&#8243;][vc_single_image image=&#8221;494&#8243; img_size=&#8221;full&#8221; alignment=&#8221;center&#8221; el_class=&#8221;mb-0&#8243;][vc_single_image image=&#8221;495&#8243; img_size=&#8221;full&#8221; alignment=&#8221;center&#8221; el_class=&#8221;mb-0&#8243;][vc_single_image image=&#8221;496&#8243; img_size=&#8221;full&#8221; alignment=&#8221;center&#8221; el_class=&#8221;mb-0&#8243;][vc_single_image image=&#8221;497&#8243; img_size=&#8221;full&#8221; alignment=&#8221;center&#8221; el_class=&#8221;mb-0&#8243;][vc_single_image image=&#8221;498&#8243; img_size=&#8221;full&#8221; alignment=&#8221;center&#8221; el_class=&#8221;mb-0&#8243;]<\/div>[\/vc_column][\/vc_row][vc_row gap=&#8221;20&#8243; wrap_container=&#8221;yes&#8221; el_class=&#8221;py-4 my-5 row-justify-content-center custom-full-height&#8221;][vc_column width=&#8221;1\/2&#8243; offset=&#8221;vc_col-md-4&#8243; el_class=&#8221;mb-4&#8243;]<div class=\"porto-ultimate-content-box-container custom-box-shadow-1\"><style>#porto_ucb_3850{will-change: box-shadow;box-shadow: none;}<\/style><div class=\"porto-ultimate-content-box vc_custom_1593051341765\" style=\"background-color:#ffffff;\" data-bg=\"#ffffff\" id=\"porto_ucb_3850\">[vc_single_image image=&#8221;260&#8243; img_size=&#8221;full&#8221;][vc_custom_heading text=&#8221;NOSSA MISS\u00c3O&#8221; font_container=&#8221;tag:h3|font_size:1.8em|text_align:left|line_height:1&#8243; use_theme_fonts=&#8221;yes&#8221; text_transform=&#8221;text-uppercase&#8221; el_class=&#8221;mb-4 pb-1&#8243;][vc_custom_heading text=&#8221;Oferecer aos nossos clientes as melhores solu\u00e7\u00f5es, com o menor custo benef\u00edcio, resultando no aumento da produtividade e crescimento dos nossos clientes.&#8221; font_container=&#8221;tag:p|font_size:1.35em|text_align:left|color:%23777777|line_height:1.4&#8243; use_theme_fonts=&#8221;yes&#8221; el_class=&#8221;pb-2 mb-4 alternative-font&#8221;]<\/div><\/div>[\/vc_column][vc_column width=&#8221;1\/2&#8243; offset=&#8221;vc_col-md-4&#8243; el_class=&#8221;mb-4&#8243;]<div class=\"porto-ultimate-content-box-container custom-box-shadow-1\"><style>#porto_ucb_8705{will-change: box-shadow;box-shadow: none;}<\/style><div class=\"porto-ultimate-content-box vc_custom_1593051346023\" style=\"background-color:#ffffff;\" data-bg=\"#ffffff\" id=\"porto_ucb_8705\">[vc_single_image image=&#8221;261&#8243; img_size=&#8221;full&#8221;][vc_custom_heading text=&#8221;NOSSA VIS\u00c3O&#8221; font_container=&#8221;tag:h3|font_size:1.8em|text_align:left|line_height:1&#8243; use_theme_fonts=&#8221;yes&#8221; text_transform=&#8221;text-uppercase&#8221; el_class=&#8221;mb-4 pb-1&#8243;][vc_custom_heading text=&#8221;Ser reconhecida no mercado em nosso segmento de atua\u00e7\u00e3o, prestando servi\u00e7os de qualidade e de maneira eficaz.&#8221; font_container=&#8221;tag:p|font_size:1.35em|text_align:left|color:%23777777|line_height:1.4&#8243; use_theme_fonts=&#8221;yes&#8221; el_class=&#8221;pb-2 mb-4 alternative-font&#8221;]<\/div><\/div>[\/vc_column][vc_column width=&#8221;1\/2&#8243; offset=&#8221;vc_col-md-4&#8243; el_class=&#8221;mb-4&#8243;]<div class=\"porto-ultimate-content-box-container custom-box-shadow-1\"><style>#porto_ucb_6313{will-change: box-shadow;box-shadow: none;}<\/style><div class=\"porto-ultimate-content-box vc_custom_1593051350139\" style=\"background-color:#ffffff;\" data-bg=\"#ffffff\" id=\"porto_ucb_6313\">[vc_single_image image=&#8221;259&#8243; img_size=&#8221;full&#8221;][vc_custom_heading text=&#8221;VALORES&#8221; font_container=&#8221;tag:h3|font_size:1.8em|text_align:left|line_height:1&#8243; use_theme_fonts=&#8221;yes&#8221; text_transform=&#8221;text-uppercase&#8221; el_class=&#8221;mb-4 pb-1&#8243;][vc_custom_heading text=&#8221;\u00c9tica, respeito, qualidade, honestidade, profissionalismo e o desenvolvimento pessoal e profissional dos nossos colaboradores.&#8221; font_container=&#8221;tag:p|font_size:1.35em|text_align:left|color:%23777777|line_height:1.4&#8243; use_theme_fonts=&#8221;yes&#8221; el_class=&#8221;pb-2 mb-4 alternative-font&#8221;]<\/div><\/div>[\/vc_column][\/vc_row]<\/p>\n","protected":false},"excerpt":{"rendered":"<p>[vc_row wrap_container=&#8221;yes&#8221; el_class=&#8221;custom-bg-pos&#8221; css=&#8221;.vc_custom_1592998614120{padding-top: 6rem !important;background-image: url(\/\/sw-themes.com\/porto_dummy\/wp-content\/uploads\/2020\/06\/it-dots-background-3.png?id=206) !important;background-position: 0 0 !important;background-repeat: no-repeat !important;}&#8221;][vc_column offset=&#8221;vc_col-lg-5 vc_col-md-7&#8243; el_class=&#8221;mb-5 mb-lg-0&#8243;][vc_custom_heading text=&#8221;Quem somos&#8221; font_container=&#8221;tag:p|text_align:left|color:%23acb4be&#8221; use_theme_fonts=&#8221;yes&#8221; text_transform=&#8221;text-uppercase&#8221; font_weight=&#8221;700&#8243; animation_delay=&#8221;700&#8243; el_class=&#8221;mb-1&#8243; animation_type=&#8221;fadeInUp&#8221;][vc_custom_heading text=&#8221;ENTENDEMOS QUE CADA EMPRESA \u00c9 \u00daNICA.&#8221; font_container=&#8221;tag:h2|font_size:2.3em|text_align:left|line_height:1.2&#8243; use_theme_fonts=&#8221;yes&#8221; letter_spacing=&#8221;-1px&#8221; animation_delay=&#8221;900&#8243; el_class=&#8221;pb-3 mb-4&#8243; animation_type=&#8221;fadeInUp&#8221;][vc_custom_heading text=&#8221;Contamos hoje com profissionais, fornecedores e um grupo de empresas qualificadas e capacitadas para oferecer equipamentos [&hellip;]<\/p>\n","protected":false},"author":1,"featured_media":0,"parent":0,"menu_order":0,"comment_status":"closed","ping_status":"closed","template":"","meta":{"footnotes":""},"class_list":["post-19","page","type-page","status-publish","hentry"],"yoast_head":"<!-- This site is optimized with the Yoast SEO Premium plugin v16.8 (Yoast SEO v16.8) - https:\/\/yoast.com\/wordpress\/plugins\/seo\/ -->\n<title>Sobre - Brants Solu\u00e7\u00f5es<\/title>\n<meta name=\"robots\" content=\"index, follow, max-snippet:-1, max-image-preview:large, max-video-preview:-1\" \/>\n<link rel=\"canonical\" href=\"https:\/\/brants.com.br\/novo\/sobre\/\" \/>\n<meta property=\"og:locale\" content=\"pt_BR\" \/>\n<meta property=\"og:type\" content=\"article\" \/>\n<meta property=\"og:title\" content=\"Sobre\" \/>\n<meta property=\"og:description\" content=\"[vc_row wrap_container=&#8221;yes&#8221; el_class=&#8221;custom-bg-pos&#8221; css=&#8221;.vc_custom_1592998614120{padding-top: 6rem !important;background-image: url(\/\/sw-themes.com\/porto_dummy\/wp-content\/uploads\/2020\/06\/it-dots-background-3.png?id=206) !important;background-position: 0 0 !important;background-repeat: no-repeat !important;}&#8221;][vc_column offset=&#8221;vc_col-lg-5 vc_col-md-7&#8243; el_class=&#8221;mb-5 mb-lg-0&#8243;][vc_custom_heading text=&#8221;Quem somos&#8221; font_container=&#8221;tag:p|text_align:left|color:%23acb4be&#8221; use_theme_fonts=&#8221;yes&#8221; text_transform=&#8221;text-uppercase&#8221; font_weight=&#8221;700&#8243; animation_delay=&#8221;700&#8243; el_class=&#8221;mb-1&#8243; animation_type=&#8221;fadeInUp&#8221;][vc_custom_heading text=&#8221;ENTENDEMOS QUE CADA EMPRESA \u00c9 \u00daNICA.&#8221; font_container=&#8221;tag:h2|font_size:2.3em|text_align:left|line_height:1.2&#8243; use_theme_fonts=&#8221;yes&#8221; letter_spacing=&#8221;-1px&#8221; animation_delay=&#8221;900&#8243; el_class=&#8221;pb-3 mb-4&#8243; animation_type=&#8221;fadeInUp&#8221;][vc_custom_heading text=&#8221;Contamos hoje com profissionais, fornecedores e um grupo de empresas qualificadas e capacitadas para oferecer equipamentos [&hellip;]\" \/>\n<meta property=\"og:url\" content=\"https:\/\/brants.com.br\/novo\/sobre\/\" \/>\n<meta property=\"og:site_name\" content=\"Brants Solu\u00e7\u00f5es\" \/>\n<meta property=\"article:modified_time\" content=\"2021-08-18T20:29:50+00:00\" \/>\n<meta name=\"twitter:card\" content=\"summary_large_image\" \/>\n<meta name=\"twitter:label1\" content=\"Est. tempo de leitura\" \/>\n\t<meta name=\"twitter:data1\" content=\"6 minutos\" \/>\n<script type=\"application\/ld+json\" class=\"yoast-schema-graph\">{\"@context\":\"https:\/\/schema.org\",\"@graph\":[{\"@type\":\"Organization\",\"@id\":\"https:\/\/brants.com.br\/novo\/#organization\",\"name\":\"Brant's Solu\\u00e7\\u00f5es\",\"url\":\"https:\/\/brants.com.br\/novo\/\",\"sameAs\":[],\"logo\":{\"@type\":\"ImageObject\",\"@id\":\"https:\/\/brants.com.br\/novo\/#logo\",\"inLanguage\":\"pt-BR\",\"url\":\"https:\/\/brants.com.br\/novo\/wp-content\/uploads\/2021\/07\/logo.png\",\"contentUrl\":\"https:\/\/brants.com.br\/novo\/wp-content\/uploads\/2021\/07\/logo.png\",\"width\":220,\"height\":46,\"caption\":\"Brant's Solu\\u00e7\\u00f5es\"},\"image\":{\"@id\":\"https:\/\/brants.com.br\/novo\/#logo\"}},{\"@type\":\"WebSite\",\"@id\":\"https:\/\/brants.com.br\/novo\/#website\",\"url\":\"https:\/\/brants.com.br\/novo\/\",\"name\":\"Brants Solu\\u00e7\\u00f5es\",\"description\":\"T.I e Seguran\\u00e7a Eletr\\u00f4nica\",\"publisher\":{\"@id\":\"https:\/\/brants.com.br\/novo\/#organization\"},\"potentialAction\":[{\"@type\":\"SearchAction\",\"target\":{\"@type\":\"EntryPoint\",\"urlTemplate\":\"https:\/\/brants.com.br\/novo\/?s={search_term_string}\"},\"query-input\":\"required name=search_term_string\"}],\"inLanguage\":\"pt-BR\"},{\"@type\":\"WebPage\",\"@id\":\"https:\/\/brants.com.br\/novo\/sobre\/#webpage\",\"url\":\"https:\/\/brants.com.br\/novo\/sobre\/\",\"name\":\"Sobre - Brants Solu\\u00e7\\u00f5es\",\"isPartOf\":{\"@id\":\"https:\/\/brants.com.br\/novo\/#website\"},\"datePublished\":\"2020-06-22T07:21:45+00:00\",\"dateModified\":\"2021-08-18T20:29:50+00:00\",\"breadcrumb\":{\"@id\":\"https:\/\/brants.com.br\/novo\/sobre\/#breadcrumb\"},\"inLanguage\":\"pt-BR\",\"potentialAction\":[{\"@type\":\"ReadAction\",\"target\":[\"https:\/\/brants.com.br\/novo\/sobre\/\"]}]},{\"@type\":\"BreadcrumbList\",\"@id\":\"https:\/\/brants.com.br\/novo\/sobre\/#breadcrumb\",\"itemListElement\":[{\"@type\":\"ListItem\",\"position\":1,\"name\":\"Home\",\"item\":\"https:\/\/brants.com.br\/novo\/\"},{\"@type\":\"ListItem\",\"position\":2,\"name\":\"Sobre\"}]}]}<\/script>\n<!-- \/ Yoast SEO Premium plugin. -->","yoast_head_json":{"title":"Sobre - Brants Solu\u00e7\u00f5es","robots":{"index":"index","follow":"follow","max-snippet":"max-snippet:-1","max-image-preview":"max-image-preview:large","max-video-preview":"max-video-preview:-1"},"canonical":"https:\/\/brants.com.br\/novo\/sobre\/","og_locale":"pt_BR","og_type":"article","og_title":"Sobre","og_description":"[vc_row wrap_container=&#8221;yes&#8221; el_class=&#8221;custom-bg-pos&#8221; css=&#8221;.vc_custom_1592998614120{padding-top: 6rem !important;background-image: url(\/\/sw-themes.com\/porto_dummy\/wp-content\/uploads\/2020\/06\/it-dots-background-3.png?id=206) !important;background-position: 0 0 !important;background-repeat: no-repeat !important;}&#8221;][vc_column offset=&#8221;vc_col-lg-5 vc_col-md-7&#8243; el_class=&#8221;mb-5 mb-lg-0&#8243;][vc_custom_heading text=&#8221;Quem somos&#8221; font_container=&#8221;tag:p|text_align:left|color:%23acb4be&#8221; use_theme_fonts=&#8221;yes&#8221; text_transform=&#8221;text-uppercase&#8221; font_weight=&#8221;700&#8243; animation_delay=&#8221;700&#8243; el_class=&#8221;mb-1&#8243; animation_type=&#8221;fadeInUp&#8221;][vc_custom_heading text=&#8221;ENTENDEMOS QUE CADA EMPRESA \u00c9 \u00daNICA.&#8221; font_container=&#8221;tag:h2|font_size:2.3em|text_align:left|line_height:1.2&#8243; use_theme_fonts=&#8221;yes&#8221; letter_spacing=&#8221;-1px&#8221; animation_delay=&#8221;900&#8243; el_class=&#8221;pb-3 mb-4&#8243; animation_type=&#8221;fadeInUp&#8221;][vc_custom_heading text=&#8221;Contamos hoje com profissionais, fornecedores e um grupo de empresas qualificadas e capacitadas para oferecer equipamentos [&hellip;]","og_url":"https:\/\/brants.com.br\/novo\/sobre\/","og_site_name":"Brants Solu\u00e7\u00f5es","article_modified_time":"2021-08-18T20:29:50+00:00","twitter_card":"summary_large_image","twitter_misc":{"Est. tempo de leitura":"6 minutos"},"schema":{"@context":"https:\/\/schema.org","@graph":[{"@type":"Organization","@id":"https:\/\/brants.com.br\/novo\/#organization","name":"Brant's Solu\u00e7\u00f5es","url":"https:\/\/brants.com.br\/novo\/","sameAs":[],"logo":{"@type":"ImageObject","@id":"https:\/\/brants.com.br\/novo\/#logo","inLanguage":"pt-BR","url":"https:\/\/brants.com.br\/novo\/wp-content\/uploads\/2021\/07\/logo.png","contentUrl":"https:\/\/brants.com.br\/novo\/wp-content\/uploads\/2021\/07\/logo.png","width":220,"height":46,"caption":"Brant's Solu\u00e7\u00f5es"},"image":{"@id":"https:\/\/brants.com.br\/novo\/#logo"}},{"@type":"WebSite","@id":"https:\/\/brants.com.br\/novo\/#website","url":"https:\/\/brants.com.br\/novo\/","name":"Brants Solu\u00e7\u00f5es","description":"T.I e Seguran\u00e7a Eletr\u00f4nica","publisher":{"@id":"https:\/\/brants.com.br\/novo\/#organization"},"potentialAction":[{"@type":"SearchAction","target":{"@type":"EntryPoint","urlTemplate":"https:\/\/brants.com.br\/novo\/?s={search_term_string}"},"query-input":"required name=search_term_string"}],"inLanguage":"pt-BR"},{"@type":"WebPage","@id":"https:\/\/brants.com.br\/novo\/sobre\/#webpage","url":"https:\/\/brants.com.br\/novo\/sobre\/","name":"Sobre - Brants Solu\u00e7\u00f5es","isPartOf":{"@id":"https:\/\/brants.com.br\/novo\/#website"},"datePublished":"2020-06-22T07:21:45+00:00","dateModified":"2021-08-18T20:29:50+00:00","breadcrumb":{"@id":"https:\/\/brants.com.br\/novo\/sobre\/#breadcrumb"},"inLanguage":"pt-BR","potentialAction":[{"@type":"ReadAction","target":["https:\/\/brants.com.br\/novo\/sobre\/"]}]},{"@type":"BreadcrumbList","@id":"https:\/\/brants.com.br\/novo\/sobre\/#breadcrumb","itemListElement":[{"@type":"ListItem","position":1,"name":"Home","item":"https:\/\/brants.com.br\/novo\/"},{"@type":"ListItem","position":2,"name":"Sobre"}]}]}},"_links":{"self":[{"href":"https:\/\/brants.com.br\/novo\/wp-json\/wp\/v2\/pages\/19","targetHints":{"allow":["GET"]}}],"collection":[{"href":"https:\/\/brants.com.br\/novo\/wp-json\/wp\/v2\/pages"}],"about":[{"href":"https:\/\/brants.com.br\/novo\/wp-json\/wp\/v2\/types\/page"}],"author":[{"embeddable":true,"href":"https:\/\/brants.com.br\/novo\/wp-json\/wp\/v2\/users\/1"}],"replies":[{"embeddable":true,"href":"https:\/\/brants.com.br\/novo\/wp-json\/wp\/v2\/comments?post=19"}],"version-history":[{"count":14,"href":"https:\/\/brants.com.br\/novo\/wp-json\/wp\/v2\/pages\/19\/revisions"}],"predecessor-version":[{"id":547,"href":"https:\/\/brants.com.br\/novo\/wp-json\/wp\/v2\/pages\/19\/revisions\/547"}],"wp:attachment":[{"href":"https:\/\/brants.com.br\/novo\/wp-json\/wp\/v2\/media?parent=19"}],"curies":[{"name":"wp","href":"https:\/\/api.w.org\/{rel}","templated":true}]}}