{"id":5,"date":"2021-07-28T10:54:53","date_gmt":"2021-07-28T13:54:53","guid":{"rendered":"https:\/\/brants.com.br\/novo\/?page_id=5"},"modified":"2021-08-19T17:14:02","modified_gmt":"2021-08-19T20:14:02","slug":"utilidades","status":"publish","type":"page","link":"https:\/\/brants.com.br\/novo\/utilidades\/","title":{"rendered":"Utilidades"},"content":{"rendered":"<p>[vc_row][vc_column]<div class=\"porto-animation  overflow-hidden mb-2\">[vc_custom_heading text=&#8221;DOWNLOADS&#8221; font_container=&#8221;tag:h2|font_size:2.3em|text_align:left|line_height:1.2&#8243; use_theme_fonts=&#8221;yes&#8221; animation_delay=&#8221;800&#8243; el_class=&#8221;mb-0&#8243; animation_type=&#8221;maskUp&#8221;][vc_custom_heading text=&#8221;Programas para download na categoria Utilidades e Seguran\u00e7a da Brant\u2019s Solu\u00e7\u00f5es. ..&#8221; font_container=&#8221;tag:p|text_align:left|color:%23acb4be|line_height:1&#8243; use_theme_fonts=&#8221;yes&#8221; text_transform=&#8221;text-uppercase&#8221; font_weight=&#8221;700&#8243; animation_delay=&#8221;600&#8243; el_class=&#8221;mb-0&#8243; animation_type=&#8221;maskUp&#8221;][vc_empty_space height=&#8221;60px&#8221;]<\/div>[\/vc_column][\/vc_row][vc_row][vc_column width=&#8221;1\/2&#8243;][vc_custom_heading text=&#8221;Teamviewer&#8221; font_container=&#8221;tag:p|text_align:left|color:%23acb4be|line_height:1&#8243; use_theme_fonts=&#8221;yes&#8221; text_transform=&#8221;text-uppercase&#8221; font_weight=&#8221;700&#8243; animation_delay=&#8221;600&#8243; el_class=&#8221;mb-0&#8243; animation_type=&#8221;maskUp&#8221;][vc_column_text]Suporte remoto, acesso remoto e software de reuni\u00e3o online que o mundo confia! Solu\u00e7\u00e3o All-In-One. Acesso 24\/7. Internacional. M\u00e1xima compatibilidade. Gratuito para uso pessoal. Multi-plataforma. iOS Screen Sharing. Impress\u00e3o remota. M\u00e1xima Seguran\u00e7a. Alto desempenho.[\/vc_column_text][vc_icon icon_fontawesome=&#8221;fas fa-download&#8221; color=&#8221;vista_blue&#8221; align=&#8221;center&#8221; link=&#8221;url:https%3A%2F%2Fwww.teamviewer.com%2Fpt-br%2Fdownload%2Fwindows%2F|title:Baixar&#8221;][\/vc_column][vc_column width=&#8221;1\/2&#8243;][vc_custom_heading text=&#8221;AnyDesk&#8221; font_container=&#8221;tag:p|text_align:left|color:%23acb4be|line_height:1&#8243; use_theme_fonts=&#8221;yes&#8221; text_transform=&#8221;text-uppercase&#8221; font_weight=&#8221;700&#8243; animation_delay=&#8221;600&#8243; el_class=&#8221;mb-0&#8243; animation_type=&#8221;maskUp&#8221;][vc_column_text]Conectar com um computador remotamente, quer seja da outra ponta do escrit\u00f3rio ou do outro lado do mundo. A AnyDesk assegura liga\u00e7\u00f5es de computador remoto seguras e fi\u00e1veis tanto para profissionais de TI como para pessoas em viagem[\/vc_column_text][vc_icon icon_fontawesome=&#8221;fas fa-download&#8221; color=&#8221;vista_blue&#8221; align=&#8221;center&#8221; link=&#8221;url:https%3A%2F%2Fanydesk.com%2Fpt|title:Baixar&#8221;][\/vc_column][\/vc_row]<\/p>\n","protected":false},"excerpt":{"rendered":"<p>[vc_row][vc_column][\/vc_column][\/vc_row][vc_row][vc_column width=&#8221;1\/2&#8243;][vc_custom_heading text=&#8221;Teamviewer&#8221; font_container=&#8221;tag:p|text_align:left|color:%23acb4be|line_height:1&#8243; use_theme_fonts=&#8221;yes&#8221; text_transform=&#8221;text-uppercase&#8221; font_weight=&#8221;700&#8243; animation_delay=&#8221;600&#8243; el_class=&#8221;mb-0&#8243; animation_type=&#8221;maskUp&#8221;][vc_column_text]Suporte remoto, acesso remoto e software de reuni\u00e3o online que o mundo confia! Solu\u00e7\u00e3o All-In-One. Acesso 24\/7. Internacional. M\u00e1xima compatibilidade. Gratuito para uso pessoal. Multi-plataforma. iOS Screen Sharing. Impress\u00e3o remota. M\u00e1xima Seguran\u00e7a. Alto desempenho.[\/vc_column_text][vc_icon icon_fontawesome=&#8221;fas fa-download&#8221; color=&#8221;vista_blue&#8221; align=&#8221;center&#8221; link=&#8221;url:https%3A%2F%2Fwww.teamviewer.com%2Fpt-br%2Fdownload%2Fwindows%2F|title:Baixar&#8221;][\/vc_column][vc_column width=&#8221;1\/2&#8243;][vc_custom_heading text=&#8221;AnyDesk&#8221; font_container=&#8221;tag:p|text_align:left|color:%23acb4be|line_height:1&#8243; use_theme_fonts=&#8221;yes&#8221; text_transform=&#8221;text-uppercase&#8221; font_weight=&#8221;700&#8243; animation_delay=&#8221;600&#8243; [&hellip;]<\/p>\n","protected":false},"author":1,"featured_media":0,"parent":0,"menu_order":0,"comment_status":"closed","ping_status":"closed","template":"","meta":{"footnotes":""},"class_list":["post-5","page","type-page","status-publish","hentry"],"yoast_head":"<!-- This site is optimized with the Yoast SEO Premium plugin v16.8 (Yoast SEO v16.8) - https:\/\/yoast.com\/wordpress\/plugins\/seo\/ -->\n<title>Utilidades - Brants Solu\u00e7\u00f5es<\/title>\n<meta name=\"robots\" content=\"index, follow, max-snippet:-1, max-image-preview:large, max-video-preview:-1\" \/>\n<link rel=\"canonical\" href=\"https:\/\/brants.com.br\/novo\/utilidades\/\" \/>\n<meta property=\"og:locale\" content=\"pt_BR\" \/>\n<meta property=\"og:type\" content=\"article\" \/>\n<meta property=\"og:title\" content=\"Utilidades\" \/>\n<meta property=\"og:description\" content=\"[vc_row][vc_column][\/vc_column][\/vc_row][vc_row][vc_column width=&#8221;1\/2&#8243;][vc_custom_heading text=&#8221;Teamviewer&#8221; font_container=&#8221;tag:p|text_align:left|color:%23acb4be|line_height:1&#8243; use_theme_fonts=&#8221;yes&#8221; text_transform=&#8221;text-uppercase&#8221; font_weight=&#8221;700&#8243; animation_delay=&#8221;600&#8243; el_class=&#8221;mb-0&#8243; animation_type=&#8221;maskUp&#8221;][vc_column_text]Suporte remoto, acesso remoto e software de reuni\u00e3o online que o mundo confia! Solu\u00e7\u00e3o All-In-One. Acesso 24\/7. Internacional. M\u00e1xima compatibilidade. Gratuito para uso pessoal. Multi-plataforma. iOS Screen Sharing. Impress\u00e3o remota. M\u00e1xima Seguran\u00e7a. Alto desempenho.[\/vc_column_text][vc_icon icon_fontawesome=&#8221;fas fa-download&#8221; color=&#8221;vista_blue&#8221; align=&#8221;center&#8221; link=&#8221;url:https%3A%2F%2Fwww.teamviewer.com%2Fpt-br%2Fdownload%2Fwindows%2F|title:Baixar&#8221;][\/vc_column][vc_column width=&#8221;1\/2&#8243;][vc_custom_heading text=&#8221;AnyDesk&#8221; font_container=&#8221;tag:p|text_align:left|color:%23acb4be|line_height:1&#8243; use_theme_fonts=&#8221;yes&#8221; text_transform=&#8221;text-uppercase&#8221; font_weight=&#8221;700&#8243; animation_delay=&#8221;600&#8243; [&hellip;]\" \/>\n<meta property=\"og:url\" content=\"https:\/\/brants.com.br\/novo\/utilidades\/\" \/>\n<meta property=\"og:site_name\" content=\"Brants Solu\u00e7\u00f5es\" \/>\n<meta property=\"article:modified_time\" content=\"2021-08-19T20:14:02+00:00\" \/>\n<meta name=\"twitter:card\" content=\"summary_large_image\" \/>\n<meta name=\"twitter:label1\" content=\"Est. tempo de leitura\" \/>\n\t<meta name=\"twitter:data1\" content=\"2 minutos\" \/>\n<script type=\"application\/ld+json\" class=\"yoast-schema-graph\">{\"@context\":\"https:\/\/schema.org\",\"@graph\":[{\"@type\":\"Organization\",\"@id\":\"https:\/\/brants.com.br\/novo\/#organization\",\"name\":\"Brant's Solu\\u00e7\\u00f5es\",\"url\":\"https:\/\/brants.com.br\/novo\/\",\"sameAs\":[],\"logo\":{\"@type\":\"ImageObject\",\"@id\":\"https:\/\/brants.com.br\/novo\/#logo\",\"inLanguage\":\"pt-BR\",\"url\":\"https:\/\/brants.com.br\/novo\/wp-content\/uploads\/2021\/07\/logo.png\",\"contentUrl\":\"https:\/\/brants.com.br\/novo\/wp-content\/uploads\/2021\/07\/logo.png\",\"width\":220,\"height\":46,\"caption\":\"Brant's Solu\\u00e7\\u00f5es\"},\"image\":{\"@id\":\"https:\/\/brants.com.br\/novo\/#logo\"}},{\"@type\":\"WebSite\",\"@id\":\"https:\/\/brants.com.br\/novo\/#website\",\"url\":\"https:\/\/brants.com.br\/novo\/\",\"name\":\"Brants Solu\\u00e7\\u00f5es\",\"description\":\"T.I e Seguran\\u00e7a Eletr\\u00f4nica\",\"publisher\":{\"@id\":\"https:\/\/brants.com.br\/novo\/#organization\"},\"potentialAction\":[{\"@type\":\"SearchAction\",\"target\":{\"@type\":\"EntryPoint\",\"urlTemplate\":\"https:\/\/brants.com.br\/novo\/?s={search_term_string}\"},\"query-input\":\"required name=search_term_string\"}],\"inLanguage\":\"pt-BR\"},{\"@type\":\"WebPage\",\"@id\":\"https:\/\/brants.com.br\/novo\/utilidades\/#webpage\",\"url\":\"https:\/\/brants.com.br\/novo\/utilidades\/\",\"name\":\"Utilidades - Brants Solu\\u00e7\\u00f5es\",\"isPartOf\":{\"@id\":\"https:\/\/brants.com.br\/novo\/#website\"},\"datePublished\":\"2021-07-28T13:54:53+00:00\",\"dateModified\":\"2021-08-19T20:14:02+00:00\",\"breadcrumb\":{\"@id\":\"https:\/\/brants.com.br\/novo\/utilidades\/#breadcrumb\"},\"inLanguage\":\"pt-BR\",\"potentialAction\":[{\"@type\":\"ReadAction\",\"target\":[\"https:\/\/brants.com.br\/novo\/utilidades\/\"]}]},{\"@type\":\"BreadcrumbList\",\"@id\":\"https:\/\/brants.com.br\/novo\/utilidades\/#breadcrumb\",\"itemListElement\":[{\"@type\":\"ListItem\",\"position\":1,\"name\":\"Home\",\"item\":\"https:\/\/brants.com.br\/novo\/\"},{\"@type\":\"ListItem\",\"position\":2,\"name\":\"Utilidades\"}]}]}<\/script>\n<!-- \/ Yoast SEO Premium plugin. -->","yoast_head_json":{"title":"Utilidades - Brants Solu\u00e7\u00f5es","robots":{"index":"index","follow":"follow","max-snippet":"max-snippet:-1","max-image-preview":"max-image-preview:large","max-video-preview":"max-video-preview:-1"},"canonical":"https:\/\/brants.com.br\/novo\/utilidades\/","og_locale":"pt_BR","og_type":"article","og_title":"Utilidades","og_description":"[vc_row][vc_column][\/vc_column][\/vc_row][vc_row][vc_column width=&#8221;1\/2&#8243;][vc_custom_heading text=&#8221;Teamviewer&#8221; font_container=&#8221;tag:p|text_align:left|color:%23acb4be|line_height:1&#8243; use_theme_fonts=&#8221;yes&#8221; text_transform=&#8221;text-uppercase&#8221; font_weight=&#8221;700&#8243; animation_delay=&#8221;600&#8243; el_class=&#8221;mb-0&#8243; animation_type=&#8221;maskUp&#8221;][vc_column_text]Suporte remoto, acesso remoto e software de reuni\u00e3o online que o mundo confia! Solu\u00e7\u00e3o All-In-One. Acesso 24\/7. Internacional. M\u00e1xima compatibilidade. Gratuito para uso pessoal. Multi-plataforma. iOS Screen Sharing. Impress\u00e3o remota. M\u00e1xima Seguran\u00e7a. Alto desempenho.[\/vc_column_text][vc_icon icon_fontawesome=&#8221;fas fa-download&#8221; color=&#8221;vista_blue&#8221; align=&#8221;center&#8221; link=&#8221;url:https%3A%2F%2Fwww.teamviewer.com%2Fpt-br%2Fdownload%2Fwindows%2F|title:Baixar&#8221;][\/vc_column][vc_column width=&#8221;1\/2&#8243;][vc_custom_heading text=&#8221;AnyDesk&#8221; font_container=&#8221;tag:p|text_align:left|color:%23acb4be|line_height:1&#8243; use_theme_fonts=&#8221;yes&#8221; text_transform=&#8221;text-uppercase&#8221; font_weight=&#8221;700&#8243; animation_delay=&#8221;600&#8243; [&hellip;]","og_url":"https:\/\/brants.com.br\/novo\/utilidades\/","og_site_name":"Brants Solu\u00e7\u00f5es","article_modified_time":"2021-08-19T20:14:02+00:00","twitter_card":"summary_large_image","twitter_misc":{"Est. tempo de leitura":"2 minutos"},"schema":{"@context":"https:\/\/schema.org","@graph":[{"@type":"Organization","@id":"https:\/\/brants.com.br\/novo\/#organization","name":"Brant's Solu\u00e7\u00f5es","url":"https:\/\/brants.com.br\/novo\/","sameAs":[],"logo":{"@type":"ImageObject","@id":"https:\/\/brants.com.br\/novo\/#logo","inLanguage":"pt-BR","url":"https:\/\/brants.com.br\/novo\/wp-content\/uploads\/2021\/07\/logo.png","contentUrl":"https:\/\/brants.com.br\/novo\/wp-content\/uploads\/2021\/07\/logo.png","width":220,"height":46,"caption":"Brant's Solu\u00e7\u00f5es"},"image":{"@id":"https:\/\/brants.com.br\/novo\/#logo"}},{"@type":"WebSite","@id":"https:\/\/brants.com.br\/novo\/#website","url":"https:\/\/brants.com.br\/novo\/","name":"Brants Solu\u00e7\u00f5es","description":"T.I e Seguran\u00e7a Eletr\u00f4nica","publisher":{"@id":"https:\/\/brants.com.br\/novo\/#organization"},"potentialAction":[{"@type":"SearchAction","target":{"@type":"EntryPoint","urlTemplate":"https:\/\/brants.com.br\/novo\/?s={search_term_string}"},"query-input":"required name=search_term_string"}],"inLanguage":"pt-BR"},{"@type":"WebPage","@id":"https:\/\/brants.com.br\/novo\/utilidades\/#webpage","url":"https:\/\/brants.com.br\/novo\/utilidades\/","name":"Utilidades - Brants Solu\u00e7\u00f5es","isPartOf":{"@id":"https:\/\/brants.com.br\/novo\/#website"},"datePublished":"2021-07-28T13:54:53+00:00","dateModified":"2021-08-19T20:14:02+00:00","breadcrumb":{"@id":"https:\/\/brants.com.br\/novo\/utilidades\/#breadcrumb"},"inLanguage":"pt-BR","potentialAction":[{"@type":"ReadAction","target":["https:\/\/brants.com.br\/novo\/utilidades\/"]}]},{"@type":"BreadcrumbList","@id":"https:\/\/brants.com.br\/novo\/utilidades\/#breadcrumb","itemListElement":[{"@type":"ListItem","position":1,"name":"Home","item":"https:\/\/brants.com.br\/novo\/"},{"@type":"ListItem","position":2,"name":"Utilidades"}]}]}},"_links":{"self":[{"href":"https:\/\/brants.com.br\/novo\/wp-json\/wp\/v2\/pages\/5","targetHints":{"allow":["GET"]}}],"collection":[{"href":"https:\/\/brants.com.br\/novo\/wp-json\/wp\/v2\/pages"}],"about":[{"href":"https:\/\/brants.com.br\/novo\/wp-json\/wp\/v2\/types\/page"}],"author":[{"embeddable":true,"href":"https:\/\/brants.com.br\/novo\/wp-json\/wp\/v2\/users\/1"}],"replies":[{"embeddable":true,"href":"https:\/\/brants.com.br\/novo\/wp-json\/wp\/v2\/comments?post=5"}],"version-history":[{"count":8,"href":"https:\/\/brants.com.br\/novo\/wp-json\/wp\/v2\/pages\/5\/revisions"}],"predecessor-version":[{"id":578,"href":"https:\/\/brants.com.br\/novo\/wp-json\/wp\/v2\/pages\/5\/revisions\/578"}],"wp:attachment":[{"href":"https:\/\/brants.com.br\/novo\/wp-json\/wp\/v2\/media?parent=5"}],"curies":[{"name":"wp","href":"https:\/\/api.w.org\/{rel}","templated":true}]}}