{"id":594,"date":"2021-08-27T13:25:16","date_gmt":"2021-08-27T16:25:16","guid":{"rendered":"https:\/\/brants.com.br\/novo\/?page_id=594"},"modified":"2021-08-27T13:29:25","modified_gmt":"2021-08-27T16:29:25","slug":"automacao-comercial","status":"publish","type":"page","link":"https:\/\/brants.com.br\/novo\/servicos-de-t-i\/automacao-comercial\/","title":{"rendered":"Automa\u00e7\u00e3o Comercial"},"content":{"rendered":"<p>[vc_row][vc_column width=&#8221;2\/3&#8243;]<div class=\"porto-animation  overflow-hidden mb-2\">[vc_custom_heading text=&#8221;ESTENDA SEU NEG\u00d3CIO&#8221; font_container=&#8221;tag:p|text_align:left|color:%23acb4be|line_height:1&#8243; use_theme_fonts=&#8221;yes&#8221; text_transform=&#8221;text-uppercase&#8221; font_weight=&#8221;700&#8243; animation_delay=&#8221;600&#8243; el_class=&#8221;mb-0&#8243; animation_type=&#8221;maskUp&#8221;]<\/div><div class=\"porto-animation  overflow-hidden mb-4\">[vc_custom_heading text=&#8221;Capacite sua empresa ao m\u00e1ximo potencial com Automa\u00e7\u00e3o Comercial&#8221; font_container=&#8221;tag:h2|font_size:2.3em|text_align:left|line_height:1.2&#8243; use_theme_fonts=&#8221;yes&#8221; animation_delay=&#8221;800&#8243; el_class=&#8221;mb-0&#8243; animation_type=&#8221;maskUp&#8221;]<\/div>[vc_custom_heading text=&#8221;A automa\u00e7\u00e3o comercial vem mudando a forma de trabalho de muitas corpora\u00e7\u00f5es por simplificar o atendimento e as opera\u00e7\u00f5es internas.<\/p>\n<p>O processo evita erros e retrabalhos, uma vez que reduz ou at\u00e9 dispensa a interven\u00e7\u00e3o humana.<\/p>\n<p>O sucesso da tecnologia \u00e9 justificado: cada vez mais, as empresas buscam a automa\u00e7\u00e3o para agilizar as atividades que, muitas vezes, s\u00e3o feitas de forma manual.&#8221; font_container=&#8221;tag:p|font_size:1.1em|text_align:left&#8221; use_theme_fonts=&#8221;yes&#8221; animation_delay=&#8221;1000&#8243; el_class=&#8221;pt-3 pb-1 mb-4&#8243; animation_type=&#8221;fadeInUp&#8221;][\/vc_column][vc_column width=&#8221;1\/3&#8243;]<div class=\"porto-animation \" data-appear-animation=\"fadeInUp\" data-appear-animation-delay=\"1400\">[vc_single_image image=&#8221;595&#8243; img_size=&#8221;full&#8221; alignment=&#8221;center&#8221; el_class=&#8221;mb-0 position-relative z-index-1&#8243;]<\/div>[\/vc_column][\/vc_row][vc_row][vc_column][vc_separator color=&#8221;custom&#8221; style=&#8221;solid&#8221; el_class=&#8221;position-relative z-index-1 mt-5 pb-5&#8243;][vc_row_inner el_class=&#8221;pt-4 pb-xl-4 my-md-5 align-items-xl-center&#8221;][vc_column_inner el_class=&#8221;px-xl-4 mx-auto mb-5 mb-lg-0 mt-lg-5&#8243; offset=&#8221;vc_col-lg-4 vc_col-md-6&#8243;][vc_single_image image=&#8221;596&#8243; img_size=&#8221;full&#8221; alignment=&#8221;center&#8221; el_class=&#8221;mb-0 position-relative z-index-1&#8243;][\/vc_column_inner][vc_column_inner offset=&#8221;vc_col-md-6&#8243;][vc_custom_heading text=&#8221;COMO FUNCIONA A AUTOMA\u00c7\u00c3O COMERCIAL?&#8221; font_container=&#8221;tag:h3|font_size:1.5em|text_align:left|line_height:1.25&#8243; use_theme_fonts=&#8221;yes&#8221; text_transform=&#8221;text-uppercase&#8221; show_border=&#8221;yes&#8221; border_skin=&#8221;secondary&#8221; border_type=&#8221;middle-border-reverse&#8221; border_size=&#8221;xl&#8221; el_class=&#8221;custom-heading-bar mb-2&#8243; css=&#8221;.vc_custom_1630080503325{margin-left: -65px !important;}&#8221;][vc_custom_heading text=&#8221;A automa\u00e7\u00e3o comercial funciona com a utiliza\u00e7\u00e3o de ferramentas e solu\u00e7\u00f5es tecnol\u00f3gicas que otimizam, integram, padronizam e, claro, automatizam processos.<\/p>\n<p>Ela pode ser implementada tanto na linha de frente de uma loja, apoiando a parte operacional de um sistema PDV, como no backoffice.<\/p>\n<p>Dessa forma, voc\u00ea pode encontrar impactos positivos tanto no atendimento e no trato direto com o cliente, como na gest\u00e3o do pr\u00f3prio neg\u00f3cio.&#8221; font_container=&#8221;tag:p|font_size:1.1em|text_align:left&#8221; use_theme_fonts=&#8221;yes&#8221; animation_delay=&#8221;1000&#8243; el_class=&#8221;pt-3 pb-1 mb-4&#8243; animation_type=&#8221;fadeInUp&#8221;][vc_btn title=&#8221;Fa\u00e7a uma cota\u00e7\u00e3o&#8221; style=&#8221;outline&#8221; color=&#8221;default&#8221; size=&#8221;lg&#8221; i_align=&#8221;right&#8221; i_icon_fontawesome=&#8221;fas fa-long-arrow-alt-right&#8221; skin=&#8221;secondary&#8221; add_icon=&#8221;true&#8221; link=&#8221;url:https%3A%2F%2Fbrants.com.br%2Fnovo%2Fcontato%2F|title:Contato&#8221; el_class=&#8221;custom-arrow-icon custom-link-effect-1 mb-0&#8243;][\/vc_column_inner][\/vc_row_inner][vc_separator color=&#8221;custom&#8221; style=&#8221;solid&#8221; el_class=&#8221;pt-5 mb-0&#8243; css=&#8221;.vc_custom_1593064057603{margin-top: 1.5rem !important;}&#8221;][\/vc_column][\/vc_row]<\/p>\n","protected":false},"excerpt":{"rendered":"<p>[vc_row][vc_column width=&#8221;2\/3&#8243;][vc_custom_heading text=&#8221;A automa\u00e7\u00e3o comercial vem mudando a forma de trabalho de muitas corpora\u00e7\u00f5es por simplificar o atendimento e as opera\u00e7\u00f5es internas. O processo evita erros e retrabalhos, uma vez que reduz ou at\u00e9 dispensa a interven\u00e7\u00e3o humana. O sucesso da tecnologia \u00e9 justificado: cada vez mais, as empresas buscam a automa\u00e7\u00e3o para agilizar as [&hellip;]<\/p>\n","protected":false},"author":1,"featured_media":0,"parent":7,"menu_order":0,"comment_status":"closed","ping_status":"closed","template":"","meta":{"footnotes":""},"class_list":["post-594","page","type-page","status-publish","hentry"],"yoast_head":"<!-- This site is optimized with the Yoast SEO Premium plugin v16.8 (Yoast SEO v16.8) - https:\/\/yoast.com\/wordpress\/plugins\/seo\/ -->\n<title>Automa\u00e7\u00e3o Comercial - Brants Solu\u00e7\u00f5es<\/title>\n<meta name=\"robots\" content=\"index, follow, max-snippet:-1, max-image-preview:large, max-video-preview:-1\" \/>\n<link rel=\"canonical\" href=\"https:\/\/brants.com.br\/novo\/servicos-de-t-i\/automacao-comercial\/\" \/>\n<meta property=\"og:locale\" content=\"pt_BR\" \/>\n<meta property=\"og:type\" content=\"article\" \/>\n<meta property=\"og:title\" content=\"Automa\u00e7\u00e3o Comercial\" \/>\n<meta property=\"og:description\" content=\"[vc_row][vc_column width=&#8221;2\/3&#8243;][vc_custom_heading text=&#8221;A automa\u00e7\u00e3o comercial vem mudando a forma de trabalho de muitas corpora\u00e7\u00f5es por simplificar o atendimento e as opera\u00e7\u00f5es internas. O processo evita erros e retrabalhos, uma vez que reduz ou at\u00e9 dispensa a interven\u00e7\u00e3o humana. O sucesso da tecnologia \u00e9 justificado: cada vez mais, as empresas buscam a automa\u00e7\u00e3o para agilizar as [&hellip;]\" \/>\n<meta property=\"og:url\" content=\"https:\/\/brants.com.br\/novo\/servicos-de-t-i\/automacao-comercial\/\" \/>\n<meta property=\"og:site_name\" content=\"Brants Solu\u00e7\u00f5es\" \/>\n<meta property=\"article:modified_time\" content=\"2021-08-27T16:29:25+00:00\" \/>\n<meta name=\"twitter:card\" content=\"summary_large_image\" \/>\n<meta name=\"twitter:label1\" content=\"Est. tempo de leitura\" \/>\n\t<meta name=\"twitter:data1\" content=\"2 minutos\" \/>\n<script type=\"application\/ld+json\" class=\"yoast-schema-graph\">{\"@context\":\"https:\/\/schema.org\",\"@graph\":[{\"@type\":\"Organization\",\"@id\":\"https:\/\/brants.com.br\/novo\/#organization\",\"name\":\"Brant's Solu\\u00e7\\u00f5es\",\"url\":\"https:\/\/brants.com.br\/novo\/\",\"sameAs\":[],\"logo\":{\"@type\":\"ImageObject\",\"@id\":\"https:\/\/brants.com.br\/novo\/#logo\",\"inLanguage\":\"pt-BR\",\"url\":\"https:\/\/brants.com.br\/novo\/wp-content\/uploads\/2021\/07\/logo.png\",\"contentUrl\":\"https:\/\/brants.com.br\/novo\/wp-content\/uploads\/2021\/07\/logo.png\",\"width\":220,\"height\":46,\"caption\":\"Brant's Solu\\u00e7\\u00f5es\"},\"image\":{\"@id\":\"https:\/\/brants.com.br\/novo\/#logo\"}},{\"@type\":\"WebSite\",\"@id\":\"https:\/\/brants.com.br\/novo\/#website\",\"url\":\"https:\/\/brants.com.br\/novo\/\",\"name\":\"Brants Solu\\u00e7\\u00f5es\",\"description\":\"T.I e Seguran\\u00e7a Eletr\\u00f4nica\",\"publisher\":{\"@id\":\"https:\/\/brants.com.br\/novo\/#organization\"},\"potentialAction\":[{\"@type\":\"SearchAction\",\"target\":{\"@type\":\"EntryPoint\",\"urlTemplate\":\"https:\/\/brants.com.br\/novo\/?s={search_term_string}\"},\"query-input\":\"required name=search_term_string\"}],\"inLanguage\":\"pt-BR\"},{\"@type\":\"WebPage\",\"@id\":\"https:\/\/brants.com.br\/novo\/servicos-de-t-i\/automacao-comercial\/#webpage\",\"url\":\"https:\/\/brants.com.br\/novo\/servicos-de-t-i\/automacao-comercial\/\",\"name\":\"Automa\\u00e7\\u00e3o Comercial - Brants Solu\\u00e7\\u00f5es\",\"isPartOf\":{\"@id\":\"https:\/\/brants.com.br\/novo\/#website\"},\"datePublished\":\"2021-08-27T16:25:16+00:00\",\"dateModified\":\"2021-08-27T16:29:25+00:00\",\"breadcrumb\":{\"@id\":\"https:\/\/brants.com.br\/novo\/servicos-de-t-i\/automacao-comercial\/#breadcrumb\"},\"inLanguage\":\"pt-BR\",\"potentialAction\":[{\"@type\":\"ReadAction\",\"target\":[\"https:\/\/brants.com.br\/novo\/servicos-de-t-i\/automacao-comercial\/\"]}]},{\"@type\":\"BreadcrumbList\",\"@id\":\"https:\/\/brants.com.br\/novo\/servicos-de-t-i\/automacao-comercial\/#breadcrumb\",\"itemListElement\":[{\"@type\":\"ListItem\",\"position\":1,\"name\":\"Home\",\"item\":\"https:\/\/brants.com.br\/novo\/\"},{\"@type\":\"ListItem\",\"position\":2,\"name\":\"Servi\\u00e7os de T.I\",\"item\":\"https:\/\/brants.com.br\/novo\/servicos-de-t-i\/\"},{\"@type\":\"ListItem\",\"position\":3,\"name\":\"Automa\\u00e7\\u00e3o Comercial\"}]}]}<\/script>\n<!-- \/ Yoast SEO Premium plugin. -->","yoast_head_json":{"title":"Automa\u00e7\u00e3o Comercial - Brants Solu\u00e7\u00f5es","robots":{"index":"index","follow":"follow","max-snippet":"max-snippet:-1","max-image-preview":"max-image-preview:large","max-video-preview":"max-video-preview:-1"},"canonical":"https:\/\/brants.com.br\/novo\/servicos-de-t-i\/automacao-comercial\/","og_locale":"pt_BR","og_type":"article","og_title":"Automa\u00e7\u00e3o Comercial","og_description":"[vc_row][vc_column width=&#8221;2\/3&#8243;][vc_custom_heading text=&#8221;A automa\u00e7\u00e3o comercial vem mudando a forma de trabalho de muitas corpora\u00e7\u00f5es por simplificar o atendimento e as opera\u00e7\u00f5es internas. O processo evita erros e retrabalhos, uma vez que reduz ou at\u00e9 dispensa a interven\u00e7\u00e3o humana. O sucesso da tecnologia \u00e9 justificado: cada vez mais, as empresas buscam a automa\u00e7\u00e3o para agilizar as [&hellip;]","og_url":"https:\/\/brants.com.br\/novo\/servicos-de-t-i\/automacao-comercial\/","og_site_name":"Brants Solu\u00e7\u00f5es","article_modified_time":"2021-08-27T16:29:25+00:00","twitter_card":"summary_large_image","twitter_misc":{"Est. tempo de leitura":"2 minutos"},"schema":{"@context":"https:\/\/schema.org","@graph":[{"@type":"Organization","@id":"https:\/\/brants.com.br\/novo\/#organization","name":"Brant's Solu\u00e7\u00f5es","url":"https:\/\/brants.com.br\/novo\/","sameAs":[],"logo":{"@type":"ImageObject","@id":"https:\/\/brants.com.br\/novo\/#logo","inLanguage":"pt-BR","url":"https:\/\/brants.com.br\/novo\/wp-content\/uploads\/2021\/07\/logo.png","contentUrl":"https:\/\/brants.com.br\/novo\/wp-content\/uploads\/2021\/07\/logo.png","width":220,"height":46,"caption":"Brant's Solu\u00e7\u00f5es"},"image":{"@id":"https:\/\/brants.com.br\/novo\/#logo"}},{"@type":"WebSite","@id":"https:\/\/brants.com.br\/novo\/#website","url":"https:\/\/brants.com.br\/novo\/","name":"Brants Solu\u00e7\u00f5es","description":"T.I e Seguran\u00e7a Eletr\u00f4nica","publisher":{"@id":"https:\/\/brants.com.br\/novo\/#organization"},"potentialAction":[{"@type":"SearchAction","target":{"@type":"EntryPoint","urlTemplate":"https:\/\/brants.com.br\/novo\/?s={search_term_string}"},"query-input":"required name=search_term_string"}],"inLanguage":"pt-BR"},{"@type":"WebPage","@id":"https:\/\/brants.com.br\/novo\/servicos-de-t-i\/automacao-comercial\/#webpage","url":"https:\/\/brants.com.br\/novo\/servicos-de-t-i\/automacao-comercial\/","name":"Automa\u00e7\u00e3o Comercial - Brants Solu\u00e7\u00f5es","isPartOf":{"@id":"https:\/\/brants.com.br\/novo\/#website"},"datePublished":"2021-08-27T16:25:16+00:00","dateModified":"2021-08-27T16:29:25+00:00","breadcrumb":{"@id":"https:\/\/brants.com.br\/novo\/servicos-de-t-i\/automacao-comercial\/#breadcrumb"},"inLanguage":"pt-BR","potentialAction":[{"@type":"ReadAction","target":["https:\/\/brants.com.br\/novo\/servicos-de-t-i\/automacao-comercial\/"]}]},{"@type":"BreadcrumbList","@id":"https:\/\/brants.com.br\/novo\/servicos-de-t-i\/automacao-comercial\/#breadcrumb","itemListElement":[{"@type":"ListItem","position":1,"name":"Home","item":"https:\/\/brants.com.br\/novo\/"},{"@type":"ListItem","position":2,"name":"Servi\u00e7os de T.I","item":"https:\/\/brants.com.br\/novo\/servicos-de-t-i\/"},{"@type":"ListItem","position":3,"name":"Automa\u00e7\u00e3o Comercial"}]}]}},"_links":{"self":[{"href":"https:\/\/brants.com.br\/novo\/wp-json\/wp\/v2\/pages\/594","targetHints":{"allow":["GET"]}}],"collection":[{"href":"https:\/\/brants.com.br\/novo\/wp-json\/wp\/v2\/pages"}],"about":[{"href":"https:\/\/brants.com.br\/novo\/wp-json\/wp\/v2\/types\/page"}],"author":[{"embeddable":true,"href":"https:\/\/brants.com.br\/novo\/wp-json\/wp\/v2\/users\/1"}],"replies":[{"embeddable":true,"href":"https:\/\/brants.com.br\/novo\/wp-json\/wp\/v2\/comments?post=594"}],"version-history":[{"count":2,"href":"https:\/\/brants.com.br\/novo\/wp-json\/wp\/v2\/pages\/594\/revisions"}],"predecessor-version":[{"id":599,"href":"https:\/\/brants.com.br\/novo\/wp-json\/wp\/v2\/pages\/594\/revisions\/599"}],"up":[{"embeddable":true,"href":"https:\/\/brants.com.br\/novo\/wp-json\/wp\/v2\/pages\/7"}],"wp:attachment":[{"href":"https:\/\/brants.com.br\/novo\/wp-json\/wp\/v2\/media?parent=594"}],"curies":[{"name":"wp","href":"https:\/\/api.w.org\/{rel}","templated":true}]}}