{"id":601,"date":"2021-08-27T13:38:04","date_gmt":"2021-08-27T16:38:04","guid":{"rendered":"https:\/\/brants.com.br\/novo\/?page_id=601"},"modified":"2021-08-27T13:38:56","modified_gmt":"2021-08-27T16:38:56","slug":"configuracao-e-manutencao-de-servidores","status":"publish","type":"page","link":"https:\/\/brants.com.br\/novo\/servicos-de-t-i\/configuracao-e-manutencao-de-servidores\/","title":{"rendered":"Configura\u00e7\u00e3o E Manuten\u00e7\u00e3o De Servidores"},"content":{"rendered":"<p>[vc_row][vc_column width=&#8221;2\/3&#8243;]<div class=\"porto-animation  overflow-hidden mb-2\">[vc_custom_heading text=&#8221;ESTENDA SEU NEG\u00d3CIO&#8221; font_container=&#8221;tag:p|text_align:left|color:%23acb4be|line_height:1&#8243; use_theme_fonts=&#8221;yes&#8221; text_transform=&#8221;text-uppercase&#8221; font_weight=&#8221;700&#8243; animation_delay=&#8221;600&#8243; el_class=&#8221;mb-0&#8243; animation_type=&#8221;maskUp&#8221;]<\/div><div class=\"porto-animation  overflow-hidden mb-4\">[vc_custom_heading text=&#8221;Mantendo servidores rodando a 100%&#8221; font_container=&#8221;tag:h2|font_size:2.3em|text_align:left|line_height:1.2&#8243; use_theme_fonts=&#8221;yes&#8221; animation_delay=&#8221;800&#8243; el_class=&#8221;mb-0&#8243; animation_type=&#8221;maskUp&#8221;]<\/div>[vc_custom_heading text=&#8221;A Brant\u2019s Solu\u00e7\u00f5es \u00e9 experiente com a maioria dos tipos de servidores e tamb\u00e9m temos espa\u00e7o no data center para hospedagem, backup na nuvem e m\u00e1quinas virtuais.&#8221; font_container=&#8221;tag:p|font_size:1.1em|text_align:left&#8221; use_theme_fonts=&#8221;yes&#8221; animation_delay=&#8221;1000&#8243; el_class=&#8221;pt-3 pb-1 mb-4&#8243; animation_type=&#8221;fadeInUp&#8221;][vc_custom_heading text=&#8221;Quando voc\u00ea precisa de um poder de computa\u00e7\u00e3o centralizado, um Servidor \u00e9 a melhor solu\u00e7\u00e3o e muitas empresas executam servidores baseados no Windows ou no Unix.<\/p>\n<p>A Brant\u2019s Solu\u00e7\u00f5es \u00e9 experiente com a maioria dos tipos de servidores e tamb\u00e9m temos espa\u00e7o no data center para hospedagem, backup na nuvem e m\u00e1quinas virtuais. Para nossos clientes, fornecemos configura\u00e7\u00e3o de servidor, reparos de servidor, atualiza\u00e7\u00f5es de servidor e novos servidores, seja no local ou em um data center.<\/p>\n<p>Se voc\u00ea precisar de servi\u00e7os para seu servidor, poderemos entrar a qualquer momento e configurar seu servidor rec\u00e9m-adquirido. Alternativamente, se voc\u00ea comprar seu servidor conosco, tudo ser\u00e1 configurado de acordo com sua empresa.<\/p>\n<p>N\u00f3s fornecemos servi\u00e7os de repara\u00e7\u00e3o e manuten\u00e7\u00e3o de servidores no local.<\/p>\n<p>Todos os servidores requerem manuten\u00e7\u00e3o e manuten\u00e7\u00e3o regulares para garantir o uso sem problemas. N\u00e3o s\u00e3o apenas os computadores de mesa que exigem manuten\u00e7\u00e3o, \u00e9 ainda mais importante manter seus servidores em pleno funcionamento com o nosso servi\u00e7o de manuten\u00e7\u00e3o preventiva para ajudar a reduzir o risco de falhas no desempenho, perda de dados e falha de hardware.&#8221; font_container=&#8221;tag:p|font_size:1.1em|text_align:left&#8221; use_theme_fonts=&#8221;yes&#8221; animation_delay=&#8221;1000&#8243; el_class=&#8221;pt-3 pb-1 mb-4&#8243; animation_type=&#8221;fadeInUp&#8221;][\/vc_column][vc_column width=&#8221;1\/3&#8243;]<div class=\"porto-animation \" data-appear-animation=\"fadeInUp\" data-appear-animation-delay=\"1400\">[vc_single_image image=&#8221;602&#8243; img_size=&#8221;full&#8221; alignment=&#8221;center&#8221; el_class=&#8221;mb-0 position-relative z-index-1&#8243; label=&#8221;&#8221;]<\/div>[\/vc_column][\/vc_row][vc_row][vc_column][vc_separator color=&#8221;custom&#8221; style=&#8221;solid&#8221; el_class=&#8221;position-relative z-index-1 mt-5 pb-5&#8243;][vc_row_inner el_class=&#8221;pt-4 pb-xl-4 my-md-5 align-items-xl-center&#8221;][vc_column_inner el_class=&#8221;px-xl-4 mx-auto mb-5 mb-lg-0 mt-lg-5&#8243; offset=&#8221;vc_col-lg-4 vc_col-md-6&#8243;][vc_single_image image=&#8221;603&#8243; img_size=&#8221;full&#8221; alignment=&#8221;center&#8221; el_class=&#8221;mb-0 position-relative z-index-1&#8243; label=&#8221;&#8221;][\/vc_column_inner][vc_column_inner offset=&#8221;vc_col-md-6&#8243;][vc_custom_heading text=&#8221;POR QUE A MANUTEN\u00c7\u00c3O DO SERVIDOR \u00c9 IMPORTANTE?&#8221; font_container=&#8221;tag:h3|font_size:1.5em|text_align:left|line_height:1.25&#8243; use_theme_fonts=&#8221;yes&#8221; text_transform=&#8221;text-uppercase&#8221; show_border=&#8221;yes&#8221; border_skin=&#8221;secondary&#8221; border_type=&#8221;middle-border-reverse&#8221; border_size=&#8221;xl&#8221; el_class=&#8221;custom-heading-bar mb-2&#8243; css=&#8221;.vc_custom_1630082208547{margin-left: -65px !important;}&#8221;][vc_custom_heading text=&#8221;Uma analogia comumente usada \u00e9 que os computadores s\u00e3o como carros, exigindo servi\u00e7os regulares e check-ups para garantir que eles funcionem de maneira eficiente e proporcionem uma opera\u00e7\u00e3o sem problemas. Sem essa manuten\u00e7\u00e3o regular, o servidor pode ser danificado, custando muito mais do que a manuten\u00e7\u00e3o regular.<\/p>\n<p>Podemos fornecer \u00e0 sua empresa manuten\u00e7\u00e3o regular do servidor, o que minimiza as chances de algo dar errado. Garantiremos que seu servidor esteja atualizado com as vers\u00f5es mais recentes do software, corre\u00e7\u00f5es do sistema operacional e que o n\u00edvel apropriado de seguran\u00e7a seja implementado. Isso tamb\u00e9m pode ser inclu\u00eddo como parte de um dos nossos Acordos de N\u00edvel de Servi\u00e7o (SLA)&#8221; font_container=&#8221;tag:p|font_size:1.2em|text_align:left|color:%23777777&#8243; use_theme_fonts=&#8221;yes&#8221; el_class=&#8221;alternative-font pb-3 mb-4&#8243;][vc_btn title=&#8221;Fa\u00e7a uma cota\u00e7\u00e3o&#8221; style=&#8221;outline&#8221; color=&#8221;default&#8221; size=&#8221;lg&#8221; i_align=&#8221;right&#8221; i_icon_fontawesome=&#8221;fas fa-long-arrow-alt-right&#8221; skin=&#8221;secondary&#8221; add_icon=&#8221;true&#8221; link=&#8221;url:https%3A%2F%2Fbrants.com.br%2Fnovo%2Fcontato%2F|title:Contato&#8221; el_class=&#8221;custom-arrow-icon custom-link-effect-1 mb-0&#8243;][\/vc_column_inner][\/vc_row_inner][vc_separator color=&#8221;custom&#8221; style=&#8221;solid&#8221; el_class=&#8221;pt-5 mb-0&#8243; css=&#8221;.vc_custom_1593064057603{margin-top: 1.5rem !important;}&#8221;][\/vc_column][\/vc_row]<\/p>\n","protected":false},"excerpt":{"rendered":"<p>[vc_row][vc_column width=&#8221;2\/3&#8243;][vc_custom_heading text=&#8221;A Brant\u2019s Solu\u00e7\u00f5es \u00e9 experiente com a maioria dos tipos de servidores e tamb\u00e9m temos espa\u00e7o no data center para hospedagem, backup na nuvem e m\u00e1quinas virtuais.&#8221; font_container=&#8221;tag:p|font_size:1.1em|text_align:left&#8221; use_theme_fonts=&#8221;yes&#8221; animation_delay=&#8221;1000&#8243; el_class=&#8221;pt-3 pb-1 mb-4&#8243; animation_type=&#8221;fadeInUp&#8221;][vc_custom_heading text=&#8221;Quando voc\u00ea precisa de um poder de computa\u00e7\u00e3o centralizado, um Servidor \u00e9 a melhor solu\u00e7\u00e3o e muitas empresas executam [&hellip;]<\/p>\n","protected":false},"author":1,"featured_media":0,"parent":7,"menu_order":0,"comment_status":"closed","ping_status":"closed","template":"","meta":{"footnotes":""},"class_list":["post-601","page","type-page","status-publish","hentry"],"yoast_head":"<!-- This site is optimized with the Yoast SEO Premium plugin v16.8 (Yoast SEO v16.8) - https:\/\/yoast.com\/wordpress\/plugins\/seo\/ -->\n<title>Configura\u00e7\u00e3o E Manuten\u00e7\u00e3o De Servidores - Brants Solu\u00e7\u00f5es<\/title>\n<meta name=\"robots\" content=\"index, follow, max-snippet:-1, max-image-preview:large, max-video-preview:-1\" \/>\n<link rel=\"canonical\" href=\"https:\/\/brants.com.br\/novo\/servicos-de-t-i\/configuracao-e-manutencao-de-servidores\/\" \/>\n<meta property=\"og:locale\" content=\"pt_BR\" \/>\n<meta property=\"og:type\" content=\"article\" \/>\n<meta property=\"og:title\" content=\"Configura\u00e7\u00e3o E Manuten\u00e7\u00e3o De Servidores\" \/>\n<meta property=\"og:description\" content=\"[vc_row][vc_column width=&#8221;2\/3&#8243;][vc_custom_heading text=&#8221;A Brant\u2019s Solu\u00e7\u00f5es \u00e9 experiente com a maioria dos tipos de servidores e tamb\u00e9m temos espa\u00e7o no data center para hospedagem, backup na nuvem e m\u00e1quinas virtuais.&#8221; font_container=&#8221;tag:p|font_size:1.1em|text_align:left&#8221; use_theme_fonts=&#8221;yes&#8221; animation_delay=&#8221;1000&#8243; el_class=&#8221;pt-3 pb-1 mb-4&#8243; animation_type=&#8221;fadeInUp&#8221;][vc_custom_heading text=&#8221;Quando voc\u00ea precisa de um poder de computa\u00e7\u00e3o centralizado, um Servidor \u00e9 a melhor solu\u00e7\u00e3o e muitas empresas executam [&hellip;]\" \/>\n<meta property=\"og:url\" content=\"https:\/\/brants.com.br\/novo\/servicos-de-t-i\/configuracao-e-manutencao-de-servidores\/\" \/>\n<meta property=\"og:site_name\" content=\"Brants Solu\u00e7\u00f5es\" \/>\n<meta property=\"article:modified_time\" content=\"2021-08-27T16:38:56+00:00\" \/>\n<meta name=\"twitter:card\" content=\"summary_large_image\" \/>\n<meta name=\"twitter:label1\" content=\"Est. tempo de leitura\" \/>\n\t<meta name=\"twitter:data1\" content=\"2 minutos\" \/>\n<script type=\"application\/ld+json\" class=\"yoast-schema-graph\">{\"@context\":\"https:\/\/schema.org\",\"@graph\":[{\"@type\":\"Organization\",\"@id\":\"https:\/\/brants.com.br\/novo\/#organization\",\"name\":\"Brant's Solu\\u00e7\\u00f5es\",\"url\":\"https:\/\/brants.com.br\/novo\/\",\"sameAs\":[],\"logo\":{\"@type\":\"ImageObject\",\"@id\":\"https:\/\/brants.com.br\/novo\/#logo\",\"inLanguage\":\"pt-BR\",\"url\":\"https:\/\/brants.com.br\/novo\/wp-content\/uploads\/2021\/07\/logo.png\",\"contentUrl\":\"https:\/\/brants.com.br\/novo\/wp-content\/uploads\/2021\/07\/logo.png\",\"width\":220,\"height\":46,\"caption\":\"Brant's Solu\\u00e7\\u00f5es\"},\"image\":{\"@id\":\"https:\/\/brants.com.br\/novo\/#logo\"}},{\"@type\":\"WebSite\",\"@id\":\"https:\/\/brants.com.br\/novo\/#website\",\"url\":\"https:\/\/brants.com.br\/novo\/\",\"name\":\"Brants Solu\\u00e7\\u00f5es\",\"description\":\"T.I e Seguran\\u00e7a Eletr\\u00f4nica\",\"publisher\":{\"@id\":\"https:\/\/brants.com.br\/novo\/#organization\"},\"potentialAction\":[{\"@type\":\"SearchAction\",\"target\":{\"@type\":\"EntryPoint\",\"urlTemplate\":\"https:\/\/brants.com.br\/novo\/?s={search_term_string}\"},\"query-input\":\"required name=search_term_string\"}],\"inLanguage\":\"pt-BR\"},{\"@type\":\"WebPage\",\"@id\":\"https:\/\/brants.com.br\/novo\/servicos-de-t-i\/configuracao-e-manutencao-de-servidores\/#webpage\",\"url\":\"https:\/\/brants.com.br\/novo\/servicos-de-t-i\/configuracao-e-manutencao-de-servidores\/\",\"name\":\"Configura\\u00e7\\u00e3o E Manuten\\u00e7\\u00e3o De Servidores - Brants Solu\\u00e7\\u00f5es\",\"isPartOf\":{\"@id\":\"https:\/\/brants.com.br\/novo\/#website\"},\"datePublished\":\"2021-08-27T16:38:04+00:00\",\"dateModified\":\"2021-08-27T16:38:56+00:00\",\"breadcrumb\":{\"@id\":\"https:\/\/brants.com.br\/novo\/servicos-de-t-i\/configuracao-e-manutencao-de-servidores\/#breadcrumb\"},\"inLanguage\":\"pt-BR\",\"potentialAction\":[{\"@type\":\"ReadAction\",\"target\":[\"https:\/\/brants.com.br\/novo\/servicos-de-t-i\/configuracao-e-manutencao-de-servidores\/\"]}]},{\"@type\":\"BreadcrumbList\",\"@id\":\"https:\/\/brants.com.br\/novo\/servicos-de-t-i\/configuracao-e-manutencao-de-servidores\/#breadcrumb\",\"itemListElement\":[{\"@type\":\"ListItem\",\"position\":1,\"name\":\"Home\",\"item\":\"https:\/\/brants.com.br\/novo\/\"},{\"@type\":\"ListItem\",\"position\":2,\"name\":\"Servi\\u00e7os de T.I\",\"item\":\"https:\/\/brants.com.br\/novo\/servicos-de-t-i\/\"},{\"@type\":\"ListItem\",\"position\":3,\"name\":\"Configura\\u00e7\\u00e3o E Manuten\\u00e7\\u00e3o De Servidores\"}]}]}<\/script>\n<!-- \/ Yoast SEO Premium plugin. -->","yoast_head_json":{"title":"Configura\u00e7\u00e3o E Manuten\u00e7\u00e3o De Servidores - Brants Solu\u00e7\u00f5es","robots":{"index":"index","follow":"follow","max-snippet":"max-snippet:-1","max-image-preview":"max-image-preview:large","max-video-preview":"max-video-preview:-1"},"canonical":"https:\/\/brants.com.br\/novo\/servicos-de-t-i\/configuracao-e-manutencao-de-servidores\/","og_locale":"pt_BR","og_type":"article","og_title":"Configura\u00e7\u00e3o E Manuten\u00e7\u00e3o De Servidores","og_description":"[vc_row][vc_column width=&#8221;2\/3&#8243;][vc_custom_heading text=&#8221;A Brant\u2019s Solu\u00e7\u00f5es \u00e9 experiente com a maioria dos tipos de servidores e tamb\u00e9m temos espa\u00e7o no data center para hospedagem, backup na nuvem e m\u00e1quinas virtuais.&#8221; font_container=&#8221;tag:p|font_size:1.1em|text_align:left&#8221; use_theme_fonts=&#8221;yes&#8221; animation_delay=&#8221;1000&#8243; el_class=&#8221;pt-3 pb-1 mb-4&#8243; animation_type=&#8221;fadeInUp&#8221;][vc_custom_heading text=&#8221;Quando voc\u00ea precisa de um poder de computa\u00e7\u00e3o centralizado, um Servidor \u00e9 a melhor solu\u00e7\u00e3o e muitas empresas executam [&hellip;]","og_url":"https:\/\/brants.com.br\/novo\/servicos-de-t-i\/configuracao-e-manutencao-de-servidores\/","og_site_name":"Brants Solu\u00e7\u00f5es","article_modified_time":"2021-08-27T16:38:56+00:00","twitter_card":"summary_large_image","twitter_misc":{"Est. tempo de leitura":"2 minutos"},"schema":{"@context":"https:\/\/schema.org","@graph":[{"@type":"Organization","@id":"https:\/\/brants.com.br\/novo\/#organization","name":"Brant's Solu\u00e7\u00f5es","url":"https:\/\/brants.com.br\/novo\/","sameAs":[],"logo":{"@type":"ImageObject","@id":"https:\/\/brants.com.br\/novo\/#logo","inLanguage":"pt-BR","url":"https:\/\/brants.com.br\/novo\/wp-content\/uploads\/2021\/07\/logo.png","contentUrl":"https:\/\/brants.com.br\/novo\/wp-content\/uploads\/2021\/07\/logo.png","width":220,"height":46,"caption":"Brant's Solu\u00e7\u00f5es"},"image":{"@id":"https:\/\/brants.com.br\/novo\/#logo"}},{"@type":"WebSite","@id":"https:\/\/brants.com.br\/novo\/#website","url":"https:\/\/brants.com.br\/novo\/","name":"Brants Solu\u00e7\u00f5es","description":"T.I e Seguran\u00e7a Eletr\u00f4nica","publisher":{"@id":"https:\/\/brants.com.br\/novo\/#organization"},"potentialAction":[{"@type":"SearchAction","target":{"@type":"EntryPoint","urlTemplate":"https:\/\/brants.com.br\/novo\/?s={search_term_string}"},"query-input":"required name=search_term_string"}],"inLanguage":"pt-BR"},{"@type":"WebPage","@id":"https:\/\/brants.com.br\/novo\/servicos-de-t-i\/configuracao-e-manutencao-de-servidores\/#webpage","url":"https:\/\/brants.com.br\/novo\/servicos-de-t-i\/configuracao-e-manutencao-de-servidores\/","name":"Configura\u00e7\u00e3o E Manuten\u00e7\u00e3o De Servidores - Brants Solu\u00e7\u00f5es","isPartOf":{"@id":"https:\/\/brants.com.br\/novo\/#website"},"datePublished":"2021-08-27T16:38:04+00:00","dateModified":"2021-08-27T16:38:56+00:00","breadcrumb":{"@id":"https:\/\/brants.com.br\/novo\/servicos-de-t-i\/configuracao-e-manutencao-de-servidores\/#breadcrumb"},"inLanguage":"pt-BR","potentialAction":[{"@type":"ReadAction","target":["https:\/\/brants.com.br\/novo\/servicos-de-t-i\/configuracao-e-manutencao-de-servidores\/"]}]},{"@type":"BreadcrumbList","@id":"https:\/\/brants.com.br\/novo\/servicos-de-t-i\/configuracao-e-manutencao-de-servidores\/#breadcrumb","itemListElement":[{"@type":"ListItem","position":1,"name":"Home","item":"https:\/\/brants.com.br\/novo\/"},{"@type":"ListItem","position":2,"name":"Servi\u00e7os de T.I","item":"https:\/\/brants.com.br\/novo\/servicos-de-t-i\/"},{"@type":"ListItem","position":3,"name":"Configura\u00e7\u00e3o E Manuten\u00e7\u00e3o De Servidores"}]}]}},"_links":{"self":[{"href":"https:\/\/brants.com.br\/novo\/wp-json\/wp\/v2\/pages\/601","targetHints":{"allow":["GET"]}}],"collection":[{"href":"https:\/\/brants.com.br\/novo\/wp-json\/wp\/v2\/pages"}],"about":[{"href":"https:\/\/brants.com.br\/novo\/wp-json\/wp\/v2\/types\/page"}],"author":[{"embeddable":true,"href":"https:\/\/brants.com.br\/novo\/wp-json\/wp\/v2\/users\/1"}],"replies":[{"embeddable":true,"href":"https:\/\/brants.com.br\/novo\/wp-json\/wp\/v2\/comments?post=601"}],"version-history":[{"count":1,"href":"https:\/\/brants.com.br\/novo\/wp-json\/wp\/v2\/pages\/601\/revisions"}],"predecessor-version":[{"id":604,"href":"https:\/\/brants.com.br\/novo\/wp-json\/wp\/v2\/pages\/601\/revisions\/604"}],"up":[{"embeddable":true,"href":"https:\/\/brants.com.br\/novo\/wp-json\/wp\/v2\/pages\/7"}],"wp:attachment":[{"href":"https:\/\/brants.com.br\/novo\/wp-json\/wp\/v2\/media?parent=601"}],"curies":[{"name":"wp","href":"https:\/\/api.w.org\/{rel}","templated":true}]}}