{"id":614,"date":"2021-08-27T14:12:36","date_gmt":"2021-08-27T17:12:36","guid":{"rendered":"https:\/\/brants.com.br\/novo\/?page_id=614"},"modified":"2021-08-27T14:14:27","modified_gmt":"2021-08-27T17:14:27","slug":"seguranca-eletronica","status":"publish","type":"page","link":"https:\/\/brants.com.br\/novo\/seguranca-eletronica\/","title":{"rendered":"Seguran\u00e7a Eletr\u00f4nica"},"content":{"rendered":"<p>[vc_row el_class=&#8221;mt-4&#8243;][vc_column width=&#8221;5\/6&#8243; offset=&#8221;vc_col-sm-offset-1&#8243;]<div class=\"porto-animation  overflow-hidden mb-2\">[vc_custom_heading text=&#8221;NOSSA EXPERI\u00caNCIA&#8221; font_container=&#8221;tag:p|text_align:center|color:%23acb4be|line_height:1&#8243; use_theme_fonts=&#8221;yes&#8221; text_transform=&#8221;text-uppercase&#8221; font_weight=&#8221;700&#8243; animation_delay=&#8221;600&#8243; el_class=&#8221;mb-0&#8243; animation_type=&#8221;maskUp&#8221;]<\/div><div class=\"porto-animation  overflow-hidden mb-4\">[vc_custom_heading text=&#8221;Solu\u00e7\u00f5es de Classe Mundial para o seu Neg\u00f3cio&#8221; font_container=&#8221;tag:h2|font_size:2.3em|text_align:center|line_height:1.2&#8243; use_theme_fonts=&#8221;yes&#8221; animation_delay=&#8221;800&#8243; el_class=&#8221;mb-0&#8243; animation_type=&#8221;maskUp&#8221;]<\/div>[vc_custom_heading text=&#8221;Oferecemos solu\u00e7\u00f5es personalizadas de acordo com as necessidades espec\u00edficas detectadas, optando sempre por produtos de qualidade, fi\u00e1veis e tendo em conta as \u00faltimas novidades tecnol\u00f3gicas.&#8221; font_container=&#8221;tag:p|font_size:1.1em|text_align:center&#8221; use_theme_fonts=&#8221;yes&#8221; animation_delay=&#8221;1000&#8243; el_class=&#8221;mb-5&#8243; animation_type=&#8221;fadeInUp&#8221;][\/vc_column][\/vc_row][vc_row wrap_container=&#8221;yes&#8221; el_class=&#8221;pc-section-fullwidth bg-bottom-right pb-5 mb-1&#8243; css=&#8221;.vc_custom_1594863299804{background-image: url(\/\/sw-themes.com\/porto_dummy\/wp-content\/uploads\/2020\/06\/dots-background-2.png?id=98) !important;background-position: 0 0 !important;background-repeat: no-repeat !important;}&#8221;][vc_column][vc_separator color=&#8221;custom&#8221; style=&#8221;solid&#8221; el_class=&#8221;my-5&#8243;][vc_row_inner el_class=&#8221;pt-4 mb-5 pb-3 pb-lg-5&#8243;][vc_column_inner el_class=&#8221;mb-5 mb-lg-0 text-center&#8221; width=&#8221;1\/2&#8243; animation_delay=&#8221;650&#8243; offset=&#8221;vc_col-md-3&#8243; animation_type=&#8221;fadeInUp&#8221;][vc_icon type=&#8221;material&#8221; icon_material=&#8221;vc-material vc-material-verified_user&#8221; color=&#8221;custom&#8221; size=&#8221;lg&#8221; align=&#8221;center&#8221; custom_color=&#8221;#16714c&#8221;][vc_custom_heading text=&#8221;Central de Monitoramento&#8221; font_container=&#8221;tag:h4|font_size:1.8em|text_align:center&#8221; use_theme_fonts=&#8221;yes&#8221; skin=&#8221;dark&#8221; el_class=&#8221;mb-3&#8243;][vc_custom_heading text=&#8221;Proteja seu patrim\u00f4nio atrav\u00e9s do nosso servi\u00e7o de Monitoramento Remoto 24 horas de Alarmes e C\u00e2meras com viatura de apoio&#8221; font_container=&#8221;tag:p|font_size:1.1em|text_align:center&#8221; use_theme_fonts=&#8221;yes&#8221; el_class=&#8221;px-lg-4&#8243;][vc_custom_heading text=&#8221;SAIBA +&#8221; font_container=&#8221;tag:p|font_size:1.1em|text_align:center&#8221; use_theme_fonts=&#8221;yes&#8221; text_transform=&#8221;text-uppercase&#8221; font_weight=&#8221;700&#8243; skin=&#8221;primary&#8221; link=&#8221;url:%23automacao-comercial|title:Automa%C3%A7%C3%A3o%20Comercial&#8221; el_class=&#8221;mb-0&#8243;][\/vc_column_inner][vc_column_inner el_class=&#8221;mb-5 mb-lg-0 text-center&#8221; width=&#8221;1\/2&#8243; animation_delay=&#8221;850&#8243; offset=&#8221;vc_col-md-3&#8243; animation_type=&#8221;fadeInUp&#8221;][vc_icon type=&#8221;material&#8221; icon_material=&#8221;vc-material vc-material-videocam_off&#8221; color=&#8221;custom&#8221; size=&#8221;lg&#8221; align=&#8221;center&#8221; custom_color=&#8221;#16714c&#8221;][vc_custom_heading text=&#8221;C\u00e2meras De Seguran\u00e7a&#8221; font_container=&#8221;tag:h4|font_size:1.8em|text_align:center&#8221; use_theme_fonts=&#8221;yes&#8221; skin=&#8221;dark&#8221; el_class=&#8221;mb-3&#8243;][vc_custom_heading text=&#8221;Desenvolvemos o seu projeto sempre utilizando as melhores marcas e tecnologias dispon\u00edveis no mercado de CFTV, de acordo com a necessidade de cada ambiente.&#8221; font_container=&#8221;tag:p|font_size:1.1em|text_align:center&#8221; use_theme_fonts=&#8221;yes&#8221; el_class=&#8221;px-lg-4&#8243;][vc_custom_heading text=&#8221;SAIBA +&#8221; font_container=&#8221;tag:p|font_size:1.1em|text_align:center&#8221; use_theme_fonts=&#8221;yes&#8221; text_transform=&#8221;text-uppercase&#8221; font_weight=&#8221;700&#8243; skin=&#8221;primary&#8221; link=&#8221;url:%23cameras-de-seguranca|title:C%C3%A2meras%20de%20Seguran%C3%A7a&#8221; el_class=&#8221;mb-0&#8243;][\/vc_column_inner][vc_column_inner el_class=&#8221;mb-5 mb-lg-0 text-center&#8221; width=&#8221;1\/2&#8243; animation_delay=&#8221;1050&#8243; offset=&#8221;vc_col-md-3&#8243; animation_type=&#8221;fadeInUp&#8221;][vc_icon type=&#8221;material&#8221; icon_material=&#8221;vc-material vc-material-flash_off&#8221; color=&#8221;custom&#8221; size=&#8221;lg&#8221; align=&#8221;center&#8221; custom_color=&#8221;#16714c&#8221;][vc_custom_heading text=&#8221;Alarmes e Cerca el\u00e9trica&#8221; font_container=&#8221;tag:h4|font_size:1.8em|text_align:center&#8221; use_theme_fonts=&#8221;yes&#8221; skin=&#8221;dark&#8221; el_class=&#8221;mb-3&#8243;][vc_custom_heading text=&#8221;Afim de proteger todo o per\u00edmetro do seu patrim\u00f4nio, fornecemos e instalamos centrais de alarme, sensores, centrais de choque e cerca el\u00e9trica (Residencial e Industrial).&#8221; font_container=&#8221;tag:p|font_size:1.1em|text_align:center&#8221; use_theme_fonts=&#8221;yes&#8221; el_class=&#8221;px-lg-4&#8243;][vc_custom_heading text=&#8221;SAIBA +&#8221; font_container=&#8221;tag:p|font_size:1.1em|text_align:center&#8221; use_theme_fonts=&#8221;yes&#8221; text_transform=&#8221;text-uppercase&#8221; font_weight=&#8221;700&#8243; skin=&#8221;primary&#8221; link=&#8221;url:%23alarmes-e-cerca-eletrica|title:Alarmes%20e%20Cerca%20el%C3%A9trica&#8221; el_class=&#8221;mb-0&#8243;][\/vc_column_inner][vc_column_inner el_class=&#8221;mb-5 mb-lg-0 text-center&#8221; width=&#8221;1\/2&#8243; animation_delay=&#8221;1250&#8243; offset=&#8221;vc_col-md-3&#8243; animation_type=&#8221;fadeInUp&#8221;][vc_icon type=&#8221;material&#8221; icon_material=&#8221;vc-material vc-material-lock_outline&#8221; color=&#8221;custom&#8221; size=&#8221;lg&#8221; align=&#8221;center&#8221; custom_color=&#8221;#16714c&#8221;][vc_custom_heading text=&#8221;Controle de acesso&#8221; font_container=&#8221;tag:h4|font_size:1.8em|text_align:center&#8221; use_theme_fonts=&#8221;yes&#8221; skin=&#8221;dark&#8221; el_class=&#8221;mb-3&#8243;][vc_custom_heading text=&#8221;Controle e registre entradas e sa\u00eddas de pessoas e ve\u00edculos de forma r\u00e1pida e eficiente atrav\u00e9s de Biometria, Tag, reconhecimento facial ou placas.&#8221; font_container=&#8221;tag:p|font_size:1.1em|text_align:center&#8221; use_theme_fonts=&#8221;yes&#8221; el_class=&#8221;px-lg-4&#8243;][vc_custom_heading text=&#8221;SAIBA +&#8221; font_container=&#8221;tag:p|font_size:1.1em|text_align:center&#8221; use_theme_fonts=&#8221;yes&#8221; text_transform=&#8221;text-uppercase&#8221; font_weight=&#8221;700&#8243; skin=&#8221;primary&#8221; link=&#8221;url:%23controle-de-acesso|title:Controle%20de%20acesso&#8221; el_class=&#8221;mb-0&#8243;][\/vc_column_inner][\/vc_row_inner][\/vc_column][\/vc_row][vc_row][vc_column]<div class=\"porto-animation  overflow-hidden mb-4\">[vc_custom_heading text=&#8221;Nosso Processo&#8221; font_container=&#8221;tag:h2|font_size:2.3em|text_align:center|line_height:1.2&#8243; use_theme_fonts=&#8221;yes&#8221; animation_delay=&#8221;500&#8243; el_class=&#8221;mb-0&#8243; animation_type=&#8221;maskUp&#8221;]<\/div><div class=\"porto-process process-horizontal pt-lg-4 pb-5\"><div class=\"process-step\" data-appear-animation=\"fadeInUp\" data-appear-animation-delay=\"200\"><div class=\"process-step-circle\"><strong class=\"process-step-circle-content\">1<\/strong><\/div><div class=\"process-step-content\"><h4>1. DIAGN\u00d3STICO<\/h4><div class=\"process-step-desc\">Vamos realizar um diagn\u00f3stico da sua empresa e vamos propor um plano de investimentos contemplando sempre solu\u00e7\u00f5es ideais.<\/div><\/div><\/div><div class=\"process-step\" data-appear-animation=\"fadeInUp\" data-appear-animation-delay=\"400\"><div class=\"process-step-circle\"><strong class=\"process-step-circle-content\">2<\/strong><\/div><div class=\"process-step-content\"><h4>2. RECOMENDA\u00c7\u00c3O<\/h4><div class=\"process-step-desc\">\n<div class=\"text-wrap\">\n<p>Recomendamos as melhores solu\u00e7\u00f5es: voc\u00ea decide o que vai adotar ou n\u00e3o! Sem surpresas.<\/p>\n<\/div>\n<p><\/div><\/div><\/div><div class=\"process-step\" data-appear-animation=\"fadeInUp\" data-appear-animation-delay=\"600\"><div class=\"process-step-circle\"><strong class=\"process-step-circle-content\">3<\/strong><\/div><div class=\"process-step-content\"><h4>3. ENTREGA<\/h4><div class=\"process-step-desc\">\n<div class=\"text-wrap\">\n<p>Agora voc\u00ea j\u00e1 est\u00e1 sem problemas e pode se concentrar no crescimento de sua empresa.<\/p>\n<\/div>\n<p><\/div><\/div><\/div><\/div>[\/vc_column][\/vc_row]<\/p>\n","protected":false},"excerpt":{"rendered":"<p>[vc_row el_class=&#8221;mt-4&#8243;][vc_column width=&#8221;5\/6&#8243; offset=&#8221;vc_col-sm-offset-1&#8243;][vc_custom_heading text=&#8221;Oferecemos solu\u00e7\u00f5es personalizadas de acordo com as necessidades espec\u00edficas detectadas, optando sempre por produtos de qualidade, fi\u00e1veis e tendo em conta as \u00faltimas novidades tecnol\u00f3gicas.&#8221; font_container=&#8221;tag:p|font_size:1.1em|text_align:center&#8221; use_theme_fonts=&#8221;yes&#8221; animation_delay=&#8221;1000&#8243; el_class=&#8221;mb-5&#8243; animation_type=&#8221;fadeInUp&#8221;][\/vc_column][\/vc_row][vc_row wrap_container=&#8221;yes&#8221; el_class=&#8221;pc-section-fullwidth bg-bottom-right pb-5 mb-1&#8243; css=&#8221;.vc_custom_1594863299804{background-image: url(\/\/sw-themes.com\/porto_dummy\/wp-content\/uploads\/2020\/06\/dots-background-2.png?id=98) !important;background-position: 0 0 !important;background-repeat: no-repeat !important;}&#8221;][vc_column][vc_separator color=&#8221;custom&#8221; style=&#8221;solid&#8221; el_class=&#8221;my-5&#8243;][vc_row_inner el_class=&#8221;pt-4 mb-5 pb-3 pb-lg-5&#8243;][vc_column_inner el_class=&#8221;mb-5 [&hellip;]<\/p>\n","protected":false},"author":1,"featured_media":0,"parent":0,"menu_order":0,"comment_status":"closed","ping_status":"closed","template":"","meta":{"footnotes":""},"class_list":["post-614","page","type-page","status-publish","hentry"],"yoast_head":"<!-- This site is optimized with the Yoast SEO Premium plugin v16.8 (Yoast SEO v16.8) - https:\/\/yoast.com\/wordpress\/plugins\/seo\/ -->\n<title>Seguran\u00e7a Eletr\u00f4nica - Brants Solu\u00e7\u00f5es<\/title>\n<meta name=\"robots\" content=\"index, follow, max-snippet:-1, max-image-preview:large, max-video-preview:-1\" \/>\n<link rel=\"canonical\" href=\"https:\/\/brants.com.br\/novo\/seguranca-eletronica\/\" \/>\n<meta property=\"og:locale\" content=\"pt_BR\" \/>\n<meta property=\"og:type\" content=\"article\" \/>\n<meta property=\"og:title\" content=\"Seguran\u00e7a Eletr\u00f4nica\" \/>\n<meta property=\"og:description\" content=\"[vc_row el_class=&#8221;mt-4&#8243;][vc_column width=&#8221;5\/6&#8243; offset=&#8221;vc_col-sm-offset-1&#8243;][vc_custom_heading text=&#8221;Oferecemos solu\u00e7\u00f5es personalizadas de acordo com as necessidades espec\u00edficas detectadas, optando sempre por produtos de qualidade, fi\u00e1veis e tendo em conta as \u00faltimas novidades tecnol\u00f3gicas.&#8221; font_container=&#8221;tag:p|font_size:1.1em|text_align:center&#8221; use_theme_fonts=&#8221;yes&#8221; animation_delay=&#8221;1000&#8243; el_class=&#8221;mb-5&#8243; animation_type=&#8221;fadeInUp&#8221;][\/vc_column][\/vc_row][vc_row wrap_container=&#8221;yes&#8221; el_class=&#8221;pc-section-fullwidth bg-bottom-right pb-5 mb-1&#8243; css=&#8221;.vc_custom_1594863299804{background-image: url(\/\/sw-themes.com\/porto_dummy\/wp-content\/uploads\/2020\/06\/dots-background-2.png?id=98) !important;background-position: 0 0 !important;background-repeat: no-repeat !important;}&#8221;][vc_column][vc_separator color=&#8221;custom&#8221; style=&#8221;solid&#8221; el_class=&#8221;my-5&#8243;][vc_row_inner el_class=&#8221;pt-4 mb-5 pb-3 pb-lg-5&#8243;][vc_column_inner el_class=&#8221;mb-5 [&hellip;]\" \/>\n<meta property=\"og:url\" content=\"https:\/\/brants.com.br\/novo\/seguranca-eletronica\/\" \/>\n<meta property=\"og:site_name\" content=\"Brants Solu\u00e7\u00f5es\" \/>\n<meta property=\"article:modified_time\" content=\"2021-08-27T17:14:27+00:00\" \/>\n<meta name=\"twitter:card\" content=\"summary_large_image\" \/>\n<meta name=\"twitter:label1\" content=\"Est. tempo de leitura\" \/>\n\t<meta name=\"twitter:data1\" content=\"2 minutos\" \/>\n<script type=\"application\/ld+json\" class=\"yoast-schema-graph\">{\"@context\":\"https:\/\/schema.org\",\"@graph\":[{\"@type\":\"Organization\",\"@id\":\"https:\/\/brants.com.br\/novo\/#organization\",\"name\":\"Brant's Solu\\u00e7\\u00f5es\",\"url\":\"https:\/\/brants.com.br\/novo\/\",\"sameAs\":[],\"logo\":{\"@type\":\"ImageObject\",\"@id\":\"https:\/\/brants.com.br\/novo\/#logo\",\"inLanguage\":\"pt-BR\",\"url\":\"https:\/\/brants.com.br\/novo\/wp-content\/uploads\/2021\/07\/logo.png\",\"contentUrl\":\"https:\/\/brants.com.br\/novo\/wp-content\/uploads\/2021\/07\/logo.png\",\"width\":220,\"height\":46,\"caption\":\"Brant's Solu\\u00e7\\u00f5es\"},\"image\":{\"@id\":\"https:\/\/brants.com.br\/novo\/#logo\"}},{\"@type\":\"WebSite\",\"@id\":\"https:\/\/brants.com.br\/novo\/#website\",\"url\":\"https:\/\/brants.com.br\/novo\/\",\"name\":\"Brants Solu\\u00e7\\u00f5es\",\"description\":\"T.I e Seguran\\u00e7a Eletr\\u00f4nica\",\"publisher\":{\"@id\":\"https:\/\/brants.com.br\/novo\/#organization\"},\"potentialAction\":[{\"@type\":\"SearchAction\",\"target\":{\"@type\":\"EntryPoint\",\"urlTemplate\":\"https:\/\/brants.com.br\/novo\/?s={search_term_string}\"},\"query-input\":\"required name=search_term_string\"}],\"inLanguage\":\"pt-BR\"},{\"@type\":\"WebPage\",\"@id\":\"https:\/\/brants.com.br\/novo\/seguranca-eletronica\/#webpage\",\"url\":\"https:\/\/brants.com.br\/novo\/seguranca-eletronica\/\",\"name\":\"Seguran\\u00e7a Eletr\\u00f4nica - Brants Solu\\u00e7\\u00f5es\",\"isPartOf\":{\"@id\":\"https:\/\/brants.com.br\/novo\/#website\"},\"datePublished\":\"2021-08-27T17:12:36+00:00\",\"dateModified\":\"2021-08-27T17:14:27+00:00\",\"breadcrumb\":{\"@id\":\"https:\/\/brants.com.br\/novo\/seguranca-eletronica\/#breadcrumb\"},\"inLanguage\":\"pt-BR\",\"potentialAction\":[{\"@type\":\"ReadAction\",\"target\":[\"https:\/\/brants.com.br\/novo\/seguranca-eletronica\/\"]}]},{\"@type\":\"BreadcrumbList\",\"@id\":\"https:\/\/brants.com.br\/novo\/seguranca-eletronica\/#breadcrumb\",\"itemListElement\":[{\"@type\":\"ListItem\",\"position\":1,\"name\":\"Home\",\"item\":\"https:\/\/brants.com.br\/novo\/\"},{\"@type\":\"ListItem\",\"position\":2,\"name\":\"Seguran\\u00e7a Eletr\\u00f4nica\"}]}]}<\/script>\n<!-- \/ Yoast SEO Premium plugin. -->","yoast_head_json":{"title":"Seguran\u00e7a Eletr\u00f4nica - Brants Solu\u00e7\u00f5es","robots":{"index":"index","follow":"follow","max-snippet":"max-snippet:-1","max-image-preview":"max-image-preview:large","max-video-preview":"max-video-preview:-1"},"canonical":"https:\/\/brants.com.br\/novo\/seguranca-eletronica\/","og_locale":"pt_BR","og_type":"article","og_title":"Seguran\u00e7a Eletr\u00f4nica","og_description":"[vc_row el_class=&#8221;mt-4&#8243;][vc_column width=&#8221;5\/6&#8243; offset=&#8221;vc_col-sm-offset-1&#8243;][vc_custom_heading text=&#8221;Oferecemos solu\u00e7\u00f5es personalizadas de acordo com as necessidades espec\u00edficas detectadas, optando sempre por produtos de qualidade, fi\u00e1veis e tendo em conta as \u00faltimas novidades tecnol\u00f3gicas.&#8221; font_container=&#8221;tag:p|font_size:1.1em|text_align:center&#8221; use_theme_fonts=&#8221;yes&#8221; animation_delay=&#8221;1000&#8243; el_class=&#8221;mb-5&#8243; animation_type=&#8221;fadeInUp&#8221;][\/vc_column][\/vc_row][vc_row wrap_container=&#8221;yes&#8221; el_class=&#8221;pc-section-fullwidth bg-bottom-right pb-5 mb-1&#8243; css=&#8221;.vc_custom_1594863299804{background-image: url(\/\/sw-themes.com\/porto_dummy\/wp-content\/uploads\/2020\/06\/dots-background-2.png?id=98) !important;background-position: 0 0 !important;background-repeat: no-repeat !important;}&#8221;][vc_column][vc_separator color=&#8221;custom&#8221; style=&#8221;solid&#8221; el_class=&#8221;my-5&#8243;][vc_row_inner el_class=&#8221;pt-4 mb-5 pb-3 pb-lg-5&#8243;][vc_column_inner el_class=&#8221;mb-5 [&hellip;]","og_url":"https:\/\/brants.com.br\/novo\/seguranca-eletronica\/","og_site_name":"Brants Solu\u00e7\u00f5es","article_modified_time":"2021-08-27T17:14:27+00:00","twitter_card":"summary_large_image","twitter_misc":{"Est. tempo de leitura":"2 minutos"},"schema":{"@context":"https:\/\/schema.org","@graph":[{"@type":"Organization","@id":"https:\/\/brants.com.br\/novo\/#organization","name":"Brant's Solu\u00e7\u00f5es","url":"https:\/\/brants.com.br\/novo\/","sameAs":[],"logo":{"@type":"ImageObject","@id":"https:\/\/brants.com.br\/novo\/#logo","inLanguage":"pt-BR","url":"https:\/\/brants.com.br\/novo\/wp-content\/uploads\/2021\/07\/logo.png","contentUrl":"https:\/\/brants.com.br\/novo\/wp-content\/uploads\/2021\/07\/logo.png","width":220,"height":46,"caption":"Brant's Solu\u00e7\u00f5es"},"image":{"@id":"https:\/\/brants.com.br\/novo\/#logo"}},{"@type":"WebSite","@id":"https:\/\/brants.com.br\/novo\/#website","url":"https:\/\/brants.com.br\/novo\/","name":"Brants Solu\u00e7\u00f5es","description":"T.I e Seguran\u00e7a Eletr\u00f4nica","publisher":{"@id":"https:\/\/brants.com.br\/novo\/#organization"},"potentialAction":[{"@type":"SearchAction","target":{"@type":"EntryPoint","urlTemplate":"https:\/\/brants.com.br\/novo\/?s={search_term_string}"},"query-input":"required name=search_term_string"}],"inLanguage":"pt-BR"},{"@type":"WebPage","@id":"https:\/\/brants.com.br\/novo\/seguranca-eletronica\/#webpage","url":"https:\/\/brants.com.br\/novo\/seguranca-eletronica\/","name":"Seguran\u00e7a Eletr\u00f4nica - Brants Solu\u00e7\u00f5es","isPartOf":{"@id":"https:\/\/brants.com.br\/novo\/#website"},"datePublished":"2021-08-27T17:12:36+00:00","dateModified":"2021-08-27T17:14:27+00:00","breadcrumb":{"@id":"https:\/\/brants.com.br\/novo\/seguranca-eletronica\/#breadcrumb"},"inLanguage":"pt-BR","potentialAction":[{"@type":"ReadAction","target":["https:\/\/brants.com.br\/novo\/seguranca-eletronica\/"]}]},{"@type":"BreadcrumbList","@id":"https:\/\/brants.com.br\/novo\/seguranca-eletronica\/#breadcrumb","itemListElement":[{"@type":"ListItem","position":1,"name":"Home","item":"https:\/\/brants.com.br\/novo\/"},{"@type":"ListItem","position":2,"name":"Seguran\u00e7a Eletr\u00f4nica"}]}]}},"_links":{"self":[{"href":"https:\/\/brants.com.br\/novo\/wp-json\/wp\/v2\/pages\/614","targetHints":{"allow":["GET"]}}],"collection":[{"href":"https:\/\/brants.com.br\/novo\/wp-json\/wp\/v2\/pages"}],"about":[{"href":"https:\/\/brants.com.br\/novo\/wp-json\/wp\/v2\/types\/page"}],"author":[{"embeddable":true,"href":"https:\/\/brants.com.br\/novo\/wp-json\/wp\/v2\/users\/1"}],"replies":[{"embeddable":true,"href":"https:\/\/brants.com.br\/novo\/wp-json\/wp\/v2\/comments?post=614"}],"version-history":[{"count":2,"href":"https:\/\/brants.com.br\/novo\/wp-json\/wp\/v2\/pages\/614\/revisions"}],"predecessor-version":[{"id":620,"href":"https:\/\/brants.com.br\/novo\/wp-json\/wp\/v2\/pages\/614\/revisions\/620"}],"wp:attachment":[{"href":"https:\/\/brants.com.br\/novo\/wp-json\/wp\/v2\/media?parent=614"}],"curies":[{"name":"wp","href":"https:\/\/api.w.org\/{rel}","templated":true}]}}